{"id":3066,"date":"2020-01-31T09:45:25","date_gmt":"2020-01-31T09:45:25","guid":{"rendered":"http:\/\/student-room-flat.com\/?page_id=3066"},"modified":"2023-10-25T12:54:27","modified_gmt":"2023-10-25T12:54:27","slug":"erasmus-ubytovani","status":"publish","type":"page","link":"https:\/\/student-room-flat.com\/cs\/erasmus-ubytovani\/","title":{"rendered":"Erasmus Ubytov\u00e1n\u00ed"},"content":{"rendered":"\t\t<div data-elementor-type=\"wp-page\" data-elementor-id=\"3066\" class=\"elementor elementor-3066 elementor-1150\" data-elementor-post-type=\"page\">\n\t\t\t\t\t\t<section class=\"elementor-section elementor-top-section elementor-element elementor-element-1bf5fe34 elementor-section-content-middle elementor-section-boxed elementor-section-height-default elementor-section-height-default\" data-id=\"1bf5fe34\" data-element_type=\"section\" data-e-type=\"section\" data-settings=\"{&quot;background_background&quot;:&quot;classic&quot;}\">\n\t\t\t\t\t\t\t<div class=\"elementor-background-overlay\"><\/div>\n\t\t\t\t\t\t\t<div class=\"elementor-container elementor-column-gap-wider\">\n\t\t\t\t\t<div class=\"elementor-column elementor-col-100 elementor-top-column elementor-element elementor-element-6acb9e8\" data-id=\"6acb9e8\" data-element_type=\"column\" data-e-type=\"column\">\n\t\t\t<div class=\"elementor-widget-wrap elementor-element-populated\">\n\t\t\t\t\t<div class=\"elementor-background-overlay\"><\/div>\n\t\t\t\t\t\t<section class=\"elementor-section elementor-inner-section elementor-element elementor-element-7b5b074 elementor-section-boxed elementor-section-height-default elementor-section-height-default\" data-id=\"7b5b074\" data-element_type=\"section\" data-e-type=\"section\">\n\t\t\t\t\t\t<div class=\"elementor-container elementor-column-gap-default\">\n\t\t\t\t\t<div class=\"elementor-column elementor-col-100 elementor-inner-column elementor-element elementor-element-199879a2\" data-id=\"199879a2\" data-element_type=\"column\" data-e-type=\"column\">\n\t\t\t<div class=\"elementor-widget-wrap elementor-element-populated\">\n\t\t\t\t\t\t<div class=\"elementor-element elementor-element-6e2fe1b2 elementor-widget elementor-widget-heading\" data-id=\"6e2fe1b2\" data-element_type=\"widget\" data-e-type=\"widget\" data-widget_type=\"heading.default\">\n\t\t\t\t<div class=\"elementor-widget-container\">\n\t\t\t\t\t<h1 class=\"elementor-heading-title elementor-size-default\">Erasmus Ubytov\u00e1n\u00ed v zahrani\u010d\u00ed. Najd\u011bte si perfektn\u00ed pokoj<\/h1>\t\t\t\t<\/div>\n\t\t\t\t<\/div>\n\t\t\t\t<div class=\"elementor-element elementor-element-379754b0 elementor-widget elementor-widget-heading\" data-id=\"379754b0\" data-element_type=\"widget\" data-e-type=\"widget\" data-widget_type=\"heading.default\">\n\t\t\t\t<div class=\"elementor-widget-container\">\n\t\t\t\t\t<h2 class=\"elementor-heading-title elementor-size-default\">Erasmus Ubytov\u00e1n\u00ed<\/h2>\t\t\t\t<\/div>\n\t\t\t\t<\/div>\n\t\t\t\t<div class=\"elementor-element elementor-element-3a86bb12 elementor-widget elementor-widget-text-editor\" data-id=\"3a86bb12\" data-element_type=\"widget\" data-e-type=\"widget\" data-widget_type=\"text-editor.default\">\n\t\t\t\t<div class=\"elementor-widget-container\">\n\t\t\t\t\t\t\t\t\t<p>My\u0161lenka \u017e\u00edt v zahrani\u010d\u00ed b\u011bhem jednoho semestru nebo cel\u00fd rok zn\u00ed vzru\u0161uj\u00edc\u00ed a z\u00e1rove\u0148 m\u016f\u017ee b\u00fdt d\u011bsiv\u00e1! Pod\u00edvejme se, jak naj\u00edt ubytov\u00e1n\u00ed pro Erasmus nebo zahrani\u010dn\u00ed studenty v zahrani\u010d\u00ed.<\/p>\n\t\t\t\t\t\t\t\t<\/div>\n\t\t\t\t<\/div>\n\t\t\t\t\t<\/div>\n\t\t<\/div>\n\t\t\t\t\t<\/div>\n\t\t<\/section>\n\t\t\t\t<section class=\"elementor-section elementor-inner-section elementor-element elementor-element-314857b8 elementor-section-boxed elementor-section-height-default elementor-section-height-default\" data-id=\"314857b8\" data-element_type=\"section\" data-e-type=\"section\">\n\t\t\t\t\t\t<div class=\"elementor-container elementor-column-gap-default\">\n\t\t\t\t\t<div class=\"elementor-column elementor-col-100 elementor-inner-column elementor-element elementor-element-11ba7826\" data-id=\"11ba7826\" data-element_type=\"column\" data-e-type=\"column\">\n\t\t\t<div class=\"elementor-widget-wrap elementor-element-populated\">\n\t\t\t\t\t\t<div class=\"elementor-element elementor-element-5f9c7aa9 elementor-align-center elementor-mobile-align-justify elementor-widget elementor-widget-button\" data-id=\"5f9c7aa9\" data-element_type=\"widget\" data-e-type=\"widget\" data-widget_type=\"button.default\">\n\t\t\t\t<div class=\"elementor-widget-container\">\n\t\t\t\t\t\t\t\t\t<div class=\"elementor-button-wrapper\">\n\t\t\t\t\t<a class=\"elementor-button elementor-button-link elementor-size-md elementor-animation-float\" href=\"#locations\">\n\t\t\t\t\t\t<span class=\"elementor-button-content-wrapper\">\n\t\t\t\t\t\t\t\t\t<span class=\"elementor-button-text\">Objevte m\u00edsta<\/span>\n\t\t\t\t\t<\/span>\n\t\t\t\t\t<\/a>\n\t\t\t\t<\/div>\n\t\t\t\t\t\t\t\t<\/div>\n\t\t\t\t<\/div>\n\t\t\t\t\t<\/div>\n\t\t<\/div>\n\t\t\t\t\t<\/div>\n\t\t<\/section>\n\t\t\t\t\t<\/div>\n\t\t<\/div>\n\t\t\t\t\t<\/div>\n\t\t<\/section>\n\t\t\t\t<section class=\"elementor-section elementor-top-section elementor-element elementor-element-36cd7931 elementor-section-content-middle elementor-section-boxed elementor-section-height-default elementor-section-height-default\" data-id=\"36cd7931\" data-element_type=\"section\" data-e-type=\"section\" id=\"what-is\">\n\t\t\t\t\t\t<div class=\"elementor-container elementor-column-gap-no\">\n\t\t\t\t\t<div class=\"elementor-column elementor-col-100 elementor-top-column elementor-element elementor-element-30c6652c\" data-id=\"30c6652c\" data-element_type=\"column\" data-e-type=\"column\">\n\t\t\t<div class=\"elementor-widget-wrap elementor-element-populated\">\n\t\t\t\t\t\t<div class=\"elementor-element elementor-element-72f6837f elementor-widget elementor-widget-heading\" data-id=\"72f6837f\" data-element_type=\"widget\" data-e-type=\"widget\" data-widget_type=\"heading.default\">\n\t\t\t\t<div class=\"elementor-widget-container\">\n\t\t\t\t\t<h2 class=\"elementor-heading-title elementor-size-default\">Erasmus Ubytov\u00e1n\u00ed v zahrani\u010d\u00ed<\/h2>\t\t\t\t<\/div>\n\t\t\t\t<\/div>\n\t\t\t\t<div class=\"elementor-element elementor-element-db94c67 elementor-widget elementor-widget-text-editor\" data-id=\"db94c67\" data-element_type=\"widget\" data-e-type=\"widget\" data-widget_type=\"text-editor.default\">\n\t\t\t\t<div class=\"elementor-widget-container\">\n\t\t\t\t\t\t\t\t\t<p>Studium a pobyt v zahrani\u010d\u00ed je skv\u011bl\u00fd n\u00e1pad, jak si zlep\u0161it studijn\u00ed program a osobnostn\u011b se rozv\u00edjet, ale nechat si ubytov\u00e1n\u00ed na posledn\u00ed chv\u00edli se m\u016f\u017ee uk\u00e1zat jako skute\u010dn\u00e1 no\u010dn\u00ed m\u016fra. Myslete na to, \u017ee va\u0161e ubytov\u00e1n\u00ed bude z\u00e1kladem cel\u00e9ho va\u0161eho z\u00e1\u017eitku, kter\u00fd m\u016f\u017eete zv\u00fd\u0161it nebo sn\u00ed\u017eit.<\/p>\n<p>Z tohoto d\u016fvodu v\u00e1m doporu\u010dujeme, abyste se zam\u011b\u0159ili na v\u011bt\u0161\u00ed zku\u0161enost ne\u017e pouh\u00e9 sd\u00edlen\u00ed byt\u016f v zahrani\u010d\u00ed a zalo\u017eili si ji na brzk\u00e9m v\u00fdzkumu! M\u00edsto toho, pod\u00edvejte se na jedine\u010dn\u00fd flatshare z\u00e1\u017eitek, kde m\u016f\u017eete pat\u0159it do komunity a u\u010dit se nov\u00e9 dovednosti z pohodl\u00ed sv\u00e9ho vlastn\u00edho m\u00edsta.<\/p>\n<p>Jak jist\u011b v\u00edte, p\u0159i v\u00fdb\u011bru ubytov\u00e1n\u00ed v zahrani\u010d\u00ed je t\u0159eba br\u00e1t v \u00favahu mnoho detail\u016f, ale abychom v\u00e1m to trochu zjednodu\u0161ili, rozhodli jsme se rozd\u011blit je do t\u0159\u00ed hlavn\u00edch t\u00e9mat, kter\u00e1 v\u00e1m mohou pomoci p\u0159i hled\u00e1n\u00ed a v\u00fdb\u011bru bytu. Pod\u00edvejte se!<\/p>\n\t\t\t\t\t\t\t\t<\/div>\n\t\t\t\t<\/div>\n\t\t\t\t<section class=\"elementor-section elementor-inner-section elementor-element elementor-element-8f94c87 elementor-section-boxed elementor-section-height-default elementor-section-height-default\" data-id=\"8f94c87\" data-element_type=\"section\" data-e-type=\"section\" id=\"locations\">\n\t\t\t\t\t\t<div class=\"elementor-container elementor-column-gap-default\">\n\t\t\t\t\t<div class=\"elementor-column elementor-col-50 elementor-inner-column elementor-element elementor-element-35fa88d\" data-id=\"35fa88d\" data-element_type=\"column\" data-e-type=\"column\">\n\t\t\t<div class=\"elementor-widget-wrap elementor-element-populated\">\n\t\t\t\t\t\t<div class=\"elementor-element elementor-element-d9f1ab0 elementor-cta--skin-cover elementor-animated-content elementor-bg-transform elementor-bg-transform-zoom-in elementor-widget elementor-widget-call-to-action\" data-id=\"d9f1ab0\" data-element_type=\"widget\" data-e-type=\"widget\" data-widget_type=\"call-to-action.default\">\n\t\t\t\t<div class=\"elementor-widget-container\">\n\t\t\t\t\t\t\t<a class=\"elementor-cta\" href=\"https:\/\/student-room-flat.com\/cs\/\">\n\t\t\t\t\t<div class=\"elementor-cta__bg-wrapper\">\n\t\t\t\t<div class=\"elementor-cta__bg elementor-bg\" style=\"background-image: url(https:\/\/student-room-flat.com\/wp-content\/uploads\/2020\/02\/dmitry-goykolov-X8Vo9rGVPS8-unsplash-768x512.jpg);\" role=\"img\" aria-label=\"Popular Neighbourhoods in Pargue\"><\/div>\n\t\t\t\t<div class=\"elementor-cta__bg-overlay\"><\/div>\n\t\t\t<\/div>\n\t\t\t\t\t\t\t<div class=\"elementor-cta__content\">\n\t\t\t\t\n\t\t\t\t\t\t\t\t\t<h2 class=\"elementor-cta__title elementor-cta__content-item elementor-content-item elementor-animated-item--grow\">\n\t\t\t\t\t\tUbytov\u00e1n\u00ed Praha Erasmus\t\t\t\t\t<\/h2>\n\t\t\t\t\n\t\t\t\t\n\t\t\t\t\t\t\t\t\t<div class=\"elementor-cta__button-wrapper elementor-cta__content-item elementor-content-item elementor-animated-item--grow\">\n\t\t\t\t\t<span class=\"elementor-cta__button elementor-button elementor-size-\">\n\t\t\t\t\t\tProzkoumejte pokoje v Praze\t\t\t\t\t<\/span>\n\t\t\t\t\t<\/div>\n\t\t\t\t\t\t\t<\/div>\n\t\t\t\t\t\t<\/a>\n\t\t\t\t\t\t<\/div>\n\t\t\t\t<\/div>\n\t\t\t\t\t<\/div>\n\t\t<\/div>\n\t\t\t\t<div class=\"elementor-column elementor-col-50 elementor-inner-column elementor-element elementor-element-fdb680a\" data-id=\"fdb680a\" data-element_type=\"column\" data-e-type=\"column\">\n\t\t\t<div class=\"elementor-widget-wrap elementor-element-populated\">\n\t\t\t\t\t\t<div class=\"elementor-element elementor-element-a028e6d elementor-cta--skin-cover elementor-animated-content elementor-bg-transform elementor-bg-transform-zoom-in elementor-widget elementor-widget-call-to-action\" data-id=\"a028e6d\" data-element_type=\"widget\" data-e-type=\"widget\" data-widget_type=\"call-to-action.default\">\n\t\t\t\t<div class=\"elementor-widget-container\">\n\t\t\t\t\t\t\t<a class=\"elementor-cta\" href=\"https:\/\/student-room-flat.com\/porto-accommodation\/\">\n\t\t\t\t\t<div class=\"elementor-cta__bg-wrapper\">\n\t\t\t\t<div class=\"elementor-cta__bg elementor-bg\" style=\"background-image: url(https:\/\/student-room-flat.com\/wp-content\/uploads\/2020\/06\/67416499_869245726765030_2157301496562057216_n-1-768x512.jpg);\" role=\"img\" aria-label=\"67416499_869245726765030_2157301496562057216_n-1.jpg\"><\/div>\n\t\t\t\t<div class=\"elementor-cta__bg-overlay\"><\/div>\n\t\t\t<\/div>\n\t\t\t\t\t\t\t<div class=\"elementor-cta__content\">\n\t\t\t\t\n\t\t\t\t\t\t\t\t\t<h2 class=\"elementor-cta__title elementor-cta__content-item elementor-content-item elementor-animated-item--grow\">\n\t\t\t\t\t\tPorto Erasmus Ubytov\u00e1n\u00ed\t\t\t\t\t<\/h2>\n\t\t\t\t\n\t\t\t\t\n\t\t\t\t\t\t\t\t\t<div class=\"elementor-cta__button-wrapper elementor-cta__content-item elementor-content-item elementor-animated-item--grow\">\n\t\t\t\t\t<span class=\"elementor-cta__button elementor-button elementor-size-\">\n\t\t\t\t\t\tProzkoumejte pokoje v Porto\t\t\t\t\t<\/span>\n\t\t\t\t\t<\/div>\n\t\t\t\t\t\t\t<\/div>\n\t\t\t\t\t\t<\/a>\n\t\t\t\t\t\t<\/div>\n\t\t\t\t<\/div>\n\t\t\t\t\t<\/div>\n\t\t<\/div>\n\t\t\t\t\t<\/div>\n\t\t<\/section>\n\t\t\t\t<section class=\"elementor-section elementor-inner-section elementor-element elementor-element-5de0485 elementor-section-boxed elementor-section-height-default elementor-section-height-default\" data-id=\"5de0485\" data-element_type=\"section\" data-e-type=\"section\">\n\t\t\t\t\t\t<div class=\"elementor-container elementor-column-gap-default\">\n\t\t\t\t\t<div class=\"elementor-column elementor-col-50 elementor-inner-column elementor-element elementor-element-1c70e4f\" data-id=\"1c70e4f\" data-element_type=\"column\" data-e-type=\"column\">\n\t\t\t<div class=\"elementor-widget-wrap elementor-element-populated\">\n\t\t\t\t\t\t<div class=\"elementor-element elementor-element-d6e2168 elementor-cta--skin-cover elementor-animated-content elementor-bg-transform elementor-bg-transform-zoom-in elementor-widget elementor-widget-call-to-action\" data-id=\"d6e2168\" data-element_type=\"widget\" data-e-type=\"widget\" data-widget_type=\"call-to-action.default\">\n\t\t\t\t<div class=\"elementor-widget-container\">\n\t\t\t\t\t\t\t<a class=\"elementor-cta\" href=\"https:\/\/student-room-flat.com\/pilsen-accommodation\/\">\n\t\t\t\t\t<div class=\"elementor-cta__bg-wrapper\">\n\t\t\t\t<div class=\"elementor-cta__bg elementor-bg\" style=\"background-image: url(https:\/\/student-room-flat.com\/wp-content\/uploads\/2020\/06\/image.ashx_.jpg);\" role=\"img\" aria-label=\"pilsen accommodation\"><\/div>\n\t\t\t\t<div class=\"elementor-cta__bg-overlay\"><\/div>\n\t\t\t<\/div>\n\t\t\t\t\t\t\t<div class=\"elementor-cta__content\">\n\t\t\t\t\n\t\t\t\t\t\t\t\t\t<h2 class=\"elementor-cta__title elementor-cta__content-item elementor-content-item elementor-animated-item--grow\">\n\t\t\t\t\t\tPlze\u0148 Erasmus Ubytov\u00e1n\u00ed\t\t\t\t\t<\/h2>\n\t\t\t\t\n\t\t\t\t\n\t\t\t\t\t\t\t\t\t<div class=\"elementor-cta__button-wrapper elementor-cta__content-item elementor-content-item elementor-animated-item--grow\">\n\t\t\t\t\t<span class=\"elementor-cta__button elementor-button elementor-size-\">\n\t\t\t\t\t\tProzkoumejte pokoje v Plzni\t\t\t\t\t<\/span>\n\t\t\t\t\t<\/div>\n\t\t\t\t\t\t\t<\/div>\n\t\t\t\t\t\t<\/a>\n\t\t\t\t\t\t<\/div>\n\t\t\t\t<\/div>\n\t\t\t\t\t<\/div>\n\t\t<\/div>\n\t\t\t\t<div class=\"elementor-column elementor-col-50 elementor-inner-column elementor-element elementor-element-36afe48\" data-id=\"36afe48\" data-element_type=\"column\" data-e-type=\"column\">\n\t\t\t<div class=\"elementor-widget-wrap elementor-element-populated\">\n\t\t\t\t\t\t<div class=\"elementor-element elementor-element-a57ed3c elementor-cta--skin-cover elementor-animated-content elementor-bg-transform elementor-bg-transform-zoom-in elementor-widget elementor-widget-call-to-action\" data-id=\"a57ed3c\" data-element_type=\"widget\" data-e-type=\"widget\" data-widget_type=\"call-to-action.default\">\n\t\t\t\t<div class=\"elementor-widget-container\">\n\t\t\t\t\t\t\t<a class=\"elementor-cta\" href=\"#\">\n\t\t\t\t\t<div class=\"elementor-cta__bg-wrapper\">\n\t\t\t\t<div class=\"elementor-cta__bg elementor-bg\" style=\"background-image: url(https:\/\/student-room-flat.com\/wp-content\/uploads\/2020\/06\/chris-karidis-nnzkZNYWHaU-unsplash1-768x511.jpg);\" role=\"img\" aria-label=\"paris student erasmus accommodation\"><\/div>\n\t\t\t\t<div class=\"elementor-cta__bg-overlay\"><\/div>\n\t\t\t<\/div>\n\t\t\t\t\t\t\t<div class=\"elementor-cta__content\">\n\t\t\t\t\n\t\t\t\t\t\t\t\t\t<h2 class=\"elementor-cta__title elementor-cta__content-item elementor-content-item elementor-animated-item--grow\">\n\t\t\t\t\t\tUbytov\u00e1n\u00ed v r\u00e1mci programu Erasmus v Pa\u0159\u00ed\u017ei\t\t\t\t\t<\/h2>\n\t\t\t\t\n\t\t\t\t\n\t\t\t\t\t\t\t\t\t<div class=\"elementor-cta__button-wrapper elementor-cta__content-item elementor-content-item elementor-animated-item--grow\">\n\t\t\t\t\t<span class=\"elementor-cta__button elementor-button elementor-size-\">\n\t\t\t\t\t\tProzkoumejte pokoje v Pa\u0159\u00ed\u017ei\t\t\t\t\t<\/span>\n\t\t\t\t\t<\/div>\n\t\t\t\t\t\t\t<\/div>\n\t\t\t\t\t\t\t<div class=\"elementor-ribbon\">\n\t\t\t\t<div class=\"elementor-ribbon-inner\">\n\t\t\t\t\tbrzk\u00e9 otev\u0159en\u00ed\t\t\t\t<\/div>\n\t\t\t<\/div>\n\t\t\t\t<\/a>\n\t\t\t\t\t\t<\/div>\n\t\t\t\t<\/div>\n\t\t\t\t\t<\/div>\n\t\t<\/div>\n\t\t\t\t\t<\/div>\n\t\t<\/section>\n\t\t\t\t<div class=\"elementor-element elementor-element-37cf5433 elementor-widget elementor-widget-heading\" data-id=\"37cf5433\" data-element_type=\"widget\" data-e-type=\"widget\" data-widget_type=\"heading.default\">\n\t\t\t\t<div class=\"elementor-widget-container\">\n\t\t\t\t\t<h2 class=\"elementor-heading-title elementor-size-default\">Rezervujte si pokoj v zahrani\u010d\u00ed bez p\u0159ekvapen\u00ed<\/h2>\t\t\t\t<\/div>\n\t\t\t\t<\/div>\n\t\t\t\t<div class=\"elementor-element elementor-element-7346a526 elementor-widget elementor-widget-text-editor\" data-id=\"7346a526\" data-element_type=\"widget\" data-e-type=\"widget\" data-widget_type=\"text-editor.default\">\n\t\t\t\t<div class=\"elementor-widget-container\">\n\t\t\t\t\t\t\t\t\t<p>&#8222;Lep\u0161\u00ed bezpe\u010dn\u00e9 ne\u017e l\u00edto&#8220;, stejn\u011b jako va\u0161e matka pravd\u011bpodobn\u011b \u0159ekl mnohokr\u00e1t p\u0159edt\u00edm! Pokud jde o ubytov\u00e1n\u00ed v zahrani\u010d\u00ed, nenech\u00e1vejte to na posledn\u00ed chv\u00edli. Toto rozhodnut\u00ed by nem\u011blo b\u00fdt p\u0159ij\u00edm\u00e1no na lehkou v\u00e1hu a ve sp\u011bchu, proto\u017ee ubytov\u00e1n\u00ed m\u016f\u017ee ovlivnit kvalitu va\u0161eho \u017eivota b\u011bhem va\u0161eho dobrodru\u017estv\u00ed v r\u00e1mci programu Erasmus.<\/p>\n<p>Tr\u00e1vit \u010das starostmi o \u00fa\u010dty, nereaguj\u00edc\u00ed pronaj\u00edmatel\u00e9 a neuctiv\u00e9 spolubydl\u00edc\u00ed m\u016f\u017ee ohrozit va\u0161e zku\u0161enosti v zahrani\u010d\u00ed. Nemluv\u011b o tom, \u017ee p\u0159\u00edb\u011bhy podvody a ripoffs se staly v\u00edce a v\u00edce obvykl\u00e9 mezi podnik\u00e1n\u00ed domov\u016f pro studenty v zahrani\u010d\u00ed. Z tohoto d\u016fvodu v\u011bnujte pozornost zp\u016fsob\u016fm platby a informac\u00edm po\u017eadovan\u00fdm p\u0159ed rezervac\u00ed a platbou. Je lep\u0161\u00ed platit za zaru\u010denou kvalitu a bezpe\u010dnost, m\u00edsto toho, aby riskoval ztr\u00e1tu pen\u011bz a \u010dasu!<\/p>\n<p>Zam\u011b\u0159te se na hled\u00e1n\u00ed bezpe\u010dn\u00e9ho ubytov\u00e1n\u00ed s dob\u0159e vybudovanou komunitou, kter\u00e1 v\u00e1s podpo\u0159\u00ed a p\u0159ijme v t\u00e9to nov\u00e9 kapitole v ciz\u00edm m\u011bst\u011b.<\/p>\n\t\t\t\t\t\t\t\t<\/div>\n\t\t\t\t<\/div>\n\t\t\t\t<div class=\"elementor-element elementor-element-9ddf1f3 elementor-widget elementor-widget-spacer\" data-id=\"9ddf1f3\" data-element_type=\"widget\" data-e-type=\"widget\" data-widget_type=\"spacer.default\">\n\t\t\t\t<div class=\"elementor-widget-container\">\n\t\t\t\t\t\t\t<div class=\"elementor-spacer\">\n\t\t\t<div class=\"elementor-spacer-inner\"><\/div>\n\t\t<\/div>\n\t\t\t\t\t\t<\/div>\n\t\t\t\t<\/div>\n\t\t\t\t<div class=\"elementor-element elementor-element-64ebfba elementor-widget elementor-widget-heading\" data-id=\"64ebfba\" data-element_type=\"widget\" data-e-type=\"widget\" data-widget_type=\"heading.default\">\n\t\t\t\t<div class=\"elementor-widget-container\">\n\t\t\t\t\t<h3 class=\"elementor-heading-title elementor-size-default\">Udr\u017eujte si sv\u00e9 soukrom\u00ed, ale neci\u0165te se sami<\/h3>\t\t\t\t<\/div>\n\t\t\t\t<\/div>\n\t\t\t\t<div class=\"elementor-element elementor-element-2a9ffcd elementor-widget elementor-widget-text-editor\" data-id=\"2a9ffcd\" data-element_type=\"widget\" data-e-type=\"widget\" data-widget_type=\"text-editor.default\">\n\t\t\t\t<div class=\"elementor-widget-container\">\n\t\t\t\t\t\t\t\t\t<p>Mo\u017en\u00e1 v\u00e1s napadne, \u017ee ubytov\u00e1n\u00ed na univerzit\u011b nebo koleji je l\u00e1kavou mo\u017enost\u00ed, jak se ubytovat b\u011bhem v\u00fdm\u011bnn\u00e9ho programu Erasmus, ale m\u016f\u017ee to b\u00fdt slo\u017eit\u00e9 rozhodnut\u00ed.<\/p>\n<p>Mnoho ubytovny se rozhodnou skladovat sv\u00e9 studenty v mal\u00fdch spole\u010dn\u00fdch m\u00edstnostech, kter\u00e9 je nut\u00ed vzd\u00e1t se sv\u00e9ho osobn\u00edho prostoru, aby zaplatili ni\u017e\u0161\u00ed cenu b\u011bhem sv\u00e9ho pobytu v zahrani\u010d\u00ed. Samoz\u0159ejm\u011b, \u017ee jste p\u0159i\u0161li do sv\u00e9ho programu Erasmus s \u00famyslem poznat nov\u00e9 lidi, ale to neznamen\u00e1, \u017ee mus\u00edte ob\u011btovat sv\u00e9 soukrom\u00ed.<\/p>\n<p>Ve <strong> Student Room Flat se \u0159\u00edd\u00edme my\u0161lenkou &#8222;s\u00e1m, ale nikdy ne osam\u011bl\u00fd<\/strong>&#8222;. Ve sd\u00edlen\u00e9m byt\u011b m\u00e1te k dispozici pokoj ur\u010den\u00fd jen pro v\u00e1s a ve sd\u00edlen\u00e9m ubytov\u00e1n\u00ed si m\u016f\u017eete ponechat sv\u016fj osobn\u00ed prostor. Z\u00e1le\u017e\u00ed jen na v\u00e1s, zda si vyberete sd\u00edlen\u00e9 ubytov\u00e1n\u00ed nebo ubytov\u00e1n\u00ed v soukrom\u00ed, proto\u017ee v\u00edte, \u017ee v obou p\u0159\u00edpadech bude v\u00e1\u0161 osobn\u00ed prostor v\u017edy respektov\u00e1n.<\/p>\n<p>V ka\u017ed\u00e9m p\u0159\u00edpad\u011b, pokud hled\u00e1te specifi\u010dt\u011bj\u0161\u00ed nebo individu\u00e1ln\u011bj\u0161\u00ed zku\u0161enost, m\u016f\u017ee b\u00fdt studentsk\u00fd ateli\u00e9r ide\u00e1ln\u00ed volbou, p\u0159i\u010dem\u017e ka\u017edodenn\u00ed konfrontaci si m\u016f\u017eete nechat mimo sv\u00e9 bydli\u0161t\u011b (studentsk\u00fd domov).m<\/p>\n\t\t\t\t\t\t\t\t<\/div>\n\t\t\t\t<\/div>\n\t\t\t\t<div class=\"elementor-element elementor-element-74eae69 elementor-widget elementor-widget-spacer\" data-id=\"74eae69\" data-element_type=\"widget\" data-e-type=\"widget\" data-widget_type=\"spacer.default\">\n\t\t\t\t<div class=\"elementor-widget-container\">\n\t\t\t\t\t\t\t<div class=\"elementor-spacer\">\n\t\t\t<div class=\"elementor-spacer-inner\"><\/div>\n\t\t<\/div>\n\t\t\t\t\t\t<\/div>\n\t\t\t\t<\/div>\n\t\t\t\t<div class=\"elementor-element elementor-element-43db8f4a elementor-widget elementor-widget-heading\" data-id=\"43db8f4a\" data-element_type=\"widget\" data-e-type=\"widget\" data-widget_type=\"heading.default\">\n\t\t\t\t<div class=\"elementor-widget-container\">\n\t\t\t\t\t<h3 class=\"elementor-heading-title elementor-size-default\">Bu\u010fte sou\u010d\u00e1st\u00ed mlad\u00e9 a \u017eiv\u00e9 komunity<\/h3>\t\t\t\t<\/div>\n\t\t\t\t<\/div>\n\t\t\t\t<div class=\"elementor-element elementor-element-2aa437e elementor-widget elementor-widget-text-editor\" data-id=\"2aa437e\" data-element_type=\"widget\" data-e-type=\"widget\" data-widget_type=\"text-editor.default\">\n\t\t\t\t<div class=\"elementor-widget-container\">\n\t\t\t\t\t\t\t\t\t<p>Vytv\u00e1\u0159en\u00ed nov\u00fdch p\u0159\u00e1tel m\u016f\u017ee b\u00fdt n\u00e1ro\u010dn\u00e9, zvl\u00e1\u0161t\u011b kdy\u017e budete muset komunikovat s lidmi z mnoha r\u016fzn\u00fdch kultur a prost\u0159ed\u00ed.<\/p>\n<p>Studijn\u00ed program Erasmus a Erasmus+ jsou zn\u00e1m\u00e9 ne\u010dekan\u00fdmi p\u0159\u00e1telstv\u00edmi a dobrodru\u017estv\u00edmi, kter\u00e9 jednoho dne budou jedny z va\u0161ich nejoce\u0148ovan\u011bj\u0161\u00edch vzpom\u00ednek, tak\u017ee se po\u010d\u00edt\u00e1, se spr\u00e1vn\u00fdmi lidmi a na spr\u00e1vn\u00e9m m\u00edst\u011b.<\/p>\n<p>Student Room Flat usilovn\u011b pracuje na vybudov\u00e1n\u00ed velk\u00e9 komunity student\u016f a mlad\u00fdch profesion\u00e1l\u016f, kte\u0159\u00ed se ka\u017edoro\u010dn\u011b rozhodnou vyu\u017e\u00edt na\u0161i platformu, aby na\u0161li nejlep\u0161\u00ed a nejbezpe\u010dn\u011bj\u0161\u00ed studentsk\u00e9 ubytov\u00e1n\u00ed na trhu. T\u00edm, \u017ee z\u016fstanete s n\u00e1mi, se tak\u00e9 m\u016f\u017eete st\u00e1t sou\u010d\u00e1st\u00ed velk\u00e9 mezin\u00e1rodn\u00ed rodiny, kter\u00e1 na v\u00e1s \u010dek\u00e1 s otev\u0159enou n\u00e1ru\u010d\u00ed a otev\u0159enou mysl\u00ed!<\/p>\t\t\t\t\t\t\t\t<\/div>\n\t\t\t\t<\/div>\n\t\t\t\t<div class=\"elementor-element elementor-element-57ddeff7 elementor-widget elementor-widget-heading\" data-id=\"57ddeff7\" data-element_type=\"widget\" data-e-type=\"widget\" data-widget_type=\"heading.default\">\n\t\t\t\t<div class=\"elementor-widget-container\">\n\t\t\t\t\t<p class=\"elementor-heading-title elementor-size-default\">Hled\u00e1te m\u00edsto? Najdeme ti domov. \n<\/p>\t\t\t\t<\/div>\n\t\t\t\t<\/div>\n\t\t\t\t<div class=\"elementor-element elementor-element-36bbb40 elementor-widget elementor-widget-heading\" data-id=\"36bbb40\" data-element_type=\"widget\" data-e-type=\"widget\" data-widget_type=\"heading.default\">\n\t\t\t\t<div class=\"elementor-widget-container\">\n\t\t\t\t\t<p class=\"elementor-heading-title elementor-size-default\">Hled\u00e1te spolubydl\u00edc\u00ed? Najdeme v\u00e1m va\u0161e nejlep\u0161\u00ed kamar\u00e1dy.<\/p>\t\t\t\t<\/div>\n\t\t\t\t<\/div>\n\t\t\t\t\t<\/div>\n\t\t<\/div>\n\t\t\t\t\t<\/div>\n\t\t<\/section>\n\t\t\t\t<\/div>\n\t\t","protected":false},"excerpt":{"rendered":"<p>Erasmus Ubytov\u00e1n\u00ed v zahrani\u010d\u00ed. Najd\u011bte si perfektn\u00ed pokoj Erasmus Ubytov\u00e1n\u00ed My\u0161lenka \u017e\u00edt v zahrani\u010d\u00ed b\u011bhem jednoho semestru nebo cel\u00fd rok zn\u00ed vzru\u0161uj\u00edc\u00ed a z\u00e1rove\u0148 m\u016f\u017ee b\u00fdt d\u011bsiv\u00e1! Pod\u00edvejme se, jak naj\u00edt ubytov\u00e1n\u00ed pro Erasmus nebo zahrani\u010dn\u00ed studenty v zahrani\u010d\u00ed. Objevte m\u00edsta Erasmus Ubytov\u00e1n\u00ed v zahrani\u010d\u00ed Studium a pobyt v zahrani\u010d\u00ed je skv\u011bl\u00fd n\u00e1pad, jak si [&hellip;]<\/p>\n","protected":false},"author":1,"featured_media":25467,"parent":0,"menu_order":0,"comment_status":"closed","ping_status":"closed","template":"","meta":{"_acf_changed":false,"footnotes":""},"folder":[],"class_list":["post-3066","page","type-page","status-publish","has-post-thumbnail","hentry"],"acf":[],"_links":{"self":[{"href":"https:\/\/student-room-flat.com\/cs\/wp-json\/wp\/v2\/pages\/3066","targetHints":{"allow":["GET"]}}],"collection":[{"href":"https:\/\/student-room-flat.com\/cs\/wp-json\/wp\/v2\/pages"}],"about":[{"href":"https:\/\/student-room-flat.com\/cs\/wp-json\/wp\/v2\/types\/page"}],"author":[{"embeddable":true,"href":"https:\/\/student-room-flat.com\/cs\/wp-json\/wp\/v2\/users\/1"}],"replies":[{"embeddable":true,"href":"https:\/\/student-room-flat.com\/cs\/wp-json\/wp\/v2\/comments?post=3066"}],"version-history":[{"count":3,"href":"https:\/\/student-room-flat.com\/cs\/wp-json\/wp\/v2\/pages\/3066\/revisions"}],"predecessor-version":[{"id":26552,"href":"https:\/\/student-room-flat.com\/cs\/wp-json\/wp\/v2\/pages\/3066\/revisions\/26552"}],"wp:featuredmedia":[{"embeddable":true,"href":"https:\/\/student-room-flat.com\/cs\/wp-json\/wp\/v2\/media\/25467"}],"wp:attachment":[{"href":"https:\/\/student-room-flat.com\/cs\/wp-json\/wp\/v2\/media?parent=3066"}],"wp:term":[{"taxonomy":"folder","embeddable":true,"href":"https:\/\/student-room-flat.com\/cs\/wp-json\/wp\/v2\/folder?post=3066"}],"curies":[{"name":"wp","href":"https:\/\/api.w.org\/{rel}","templated":true}]}}