{"id":5014,"date":"2020-04-03T08:28:17","date_gmt":"2020-04-03T08:28:17","guid":{"rendered":"http:\/\/student-room-flat.com\/?page_id=5014"},"modified":"2020-04-03T08:29:14","modified_gmt":"2020-04-03T08:29:14","slug":"dekuji-kupon","status":"publish","type":"page","link":"https:\/\/student-room-flat.com\/cs\/dekuji-kupon\/","title":{"rendered":"D\u011bkuji Kup\u00f3n"},"content":{"rendered":"\t\t<div data-elementor-type=\"wp-page\" data-elementor-id=\"5014\" class=\"elementor elementor-5014 elementor-970\" data-elementor-post-type=\"page\">\n\t\t\t\t\t\t<section class=\"elementor-section elementor-top-section elementor-element elementor-element-d59d92d elementor-section-height-min-height elementor-reverse-mobile elementor-section-boxed elementor-section-height-default elementor-section-items-middle\" data-id=\"d59d92d\" data-element_type=\"section\" data-e-type=\"section\" data-settings=\"{&quot;background_background&quot;:&quot;gradient&quot;}\">\n\t\t\t\t\t\t\t<div class=\"elementor-background-overlay\"><\/div>\n\t\t\t\t\t\t\t<div class=\"elementor-container elementor-column-gap-default\">\n\t\t\t\t\t<div class=\"elementor-column elementor-col-50 elementor-top-column elementor-element elementor-element-4c779fe\" data-id=\"4c779fe\" data-element_type=\"column\" data-e-type=\"column\">\n\t\t\t<div class=\"elementor-widget-wrap elementor-element-populated\">\n\t\t\t\t\t\t<div class=\"elementor-element elementor-element-2511c67 elementor-widget elementor-widget-heading\" data-id=\"2511c67\" data-element_type=\"widget\" data-e-type=\"widget\" data-widget_type=\"heading.default\">\n\t\t\t\t<div class=\"elementor-widget-container\">\n\t\t\t\t\t<h4 class=\"elementor-heading-title elementor-size-default\">Aby byl \u017eivot d\u011bliteln\u011bj\u0161\u00ed.<\/h4>\t\t\t\t<\/div>\n\t\t\t\t<\/div>\n\t\t\t\t<div class=\"elementor-element elementor-element-ec474c5 elementor-widget elementor-widget-heading\" data-id=\"ec474c5\" data-element_type=\"widget\" data-e-type=\"widget\" data-widget_type=\"heading.default\">\n\t\t\t\t<div class=\"elementor-widget-container\">\n\t\t\t\t\t<h1 class=\"elementor-heading-title elementor-size-default\">D\u011bkuju!<\/h1>\t\t\t\t<\/div>\n\t\t\t\t<\/div>\n\t\t\t\t<div class=\"elementor-element elementor-element-088aedc elementor-widget elementor-widget-text-editor\" data-id=\"088aedc\" data-element_type=\"widget\" data-e-type=\"widget\" data-widget_type=\"text-editor.default\">\n\t\t\t\t<div class=\"elementor-widget-container\">\n\t\t\t\t\t\t\t\t\t<p>Zkontrolujte sv\u016fj e-mail, kde obdr\u017e\u00edte slevov\u00fd k\u00f3d, kter\u00fd m\u016f\u017eete uplatnit ve sv\u00e9 \u017e\u00e1dosti o rezervaci. Vybrali jste si ji\u017e sv\u016fj dokonal\u00fd pokoj?<\/p>\n\t\t\t\t\t\t\t\t<\/div>\n\t\t\t\t<\/div>\n\t\t\t\t<div class=\"elementor-element elementor-element-f0170b5 elementor-mobile-align-center elementor-widget elementor-widget-button\" data-id=\"f0170b5\" data-element_type=\"widget\" data-e-type=\"widget\" data-widget_type=\"button.default\">\n\t\t\t\t<div class=\"elementor-widget-container\">\n\t\t\t\t\t\t\t\t\t<div class=\"elementor-button-wrapper\">\n\t\t\t\t\t<a class=\"elementor-button elementor-button-link elementor-size-md\" href=\"https:\/\/app.student-room-flat.com\/#\/apartments?arrivalDate=&#038;departureDate=&#038;cityId=1\" target=\"_blank\">\n\t\t\t\t\t\t<span class=\"elementor-button-content-wrapper\">\n\t\t\t\t\t\t\t\t\t<span class=\"elementor-button-text\">Prozkoumejte pokoje v Praze<\/span>\n\t\t\t\t\t<\/span>\n\t\t\t\t\t<\/a>\n\t\t\t\t<\/div>\n\t\t\t\t\t\t\t\t<\/div>\n\t\t\t\t<\/div>\n\t\t\t\t\t<\/div>\n\t\t<\/div>\n\t\t\t\t<div class=\"elementor-column elementor-col-50 elementor-top-column elementor-element elementor-element-1dfedf2\" data-id=\"1dfedf2\" data-element_type=\"column\" data-e-type=\"column\">\n\t\t\t<div class=\"elementor-widget-wrap elementor-element-populated\">\n\t\t\t\t\t\t<div class=\"elementor-element elementor-element-466567a elementor-widget elementor-widget-image\" data-id=\"466567a\" data-element_type=\"widget\" data-e-type=\"widget\" data-settings=\"{&quot;motion_fx_motion_fx_scrolling&quot;:&quot;yes&quot;,&quot;motion_fx_translateY_effect&quot;:&quot;yes&quot;,&quot;motion_fx_translateY_speed&quot;:{&quot;unit&quot;:&quot;px&quot;,&quot;size&quot;:&quot;1&quot;,&quot;sizes&quot;:[]},&quot;_animation&quot;:&quot;none&quot;,&quot;motion_fx_translateY_affectedRange&quot;:{&quot;unit&quot;:&quot;%&quot;,&quot;size&quot;:&quot;&quot;,&quot;sizes&quot;:{&quot;start&quot;:0,&quot;end&quot;:100}},&quot;motion_fx_devices&quot;:[&quot;desktop&quot;,&quot;tablet&quot;,&quot;mobile&quot;]}\" data-widget_type=\"image.default\">\n\t\t\t\t<div class=\"elementor-widget-container\">\n\t\t\t\t\t\t\t\t\t\t\t\t\t\t\t<img fetchpriority=\"high\" decoding=\"async\" width=\"1440\" height=\"1920\" src=\"https:\/\/student-room-flat.com\/wp-content\/uploads\/2019\/08\/porto-student-room-flat-8.jpeg\" class=\"attachment-full size-full wp-image-3111\" alt=\"\" srcset=\"https:\/\/student-room-flat.com\/wp-content\/uploads\/2019\/08\/porto-student-room-flat-8.jpeg 1440w, https:\/\/student-room-flat.com\/wp-content\/uploads\/2019\/08\/porto-student-room-flat-8-225x300.jpeg 225w, https:\/\/student-room-flat.com\/wp-content\/uploads\/2019\/08\/porto-student-room-flat-8-768x1024.jpeg 768w\" sizes=\"(max-width: 1440px) 100vw, 1440px\" \/>\t\t\t\t\t\t\t\t\t\t\t\t\t\t\t<\/div>\n\t\t\t\t<\/div>\n\t\t\t\t\t<\/div>\n\t\t<\/div>\n\t\t\t\t\t<\/div>\n\t\t<\/section>\n\t\t\t\t<\/div>\n\t\t","protected":false},"excerpt":{"rendered":"<p>Aby byl \u017eivot d\u011bliteln\u011bj\u0161\u00ed. D\u011bkuju! Zkontrolujte sv\u016fj e-mail, kde obdr\u017e\u00edte slevov\u00fd k\u00f3d, kter\u00fd m\u016f\u017eete uplatnit ve sv\u00e9 \u017e\u00e1dosti o rezervaci. Vybrali jste si ji\u017e sv\u016fj dokonal\u00fd pokoj? Prozkoumejte pokoje v Praze<\/p>\n","protected":false},"author":1,"featured_media":0,"parent":0,"menu_order":0,"comment_status":"closed","ping_status":"closed","template":"","meta":{"_acf_changed":false,"footnotes":""},"folder":[],"class_list":["post-5014","page","type-page","status-publish","hentry"],"acf":[],"_links":{"self":[{"href":"https:\/\/student-room-flat.com\/cs\/wp-json\/wp\/v2\/pages\/5014","targetHints":{"allow":["GET"]}}],"collection":[{"href":"https:\/\/student-room-flat.com\/cs\/wp-json\/wp\/v2\/pages"}],"about":[{"href":"https:\/\/student-room-flat.com\/cs\/wp-json\/wp\/v2\/types\/page"}],"author":[{"embeddable":true,"href":"https:\/\/student-room-flat.com\/cs\/wp-json\/wp\/v2\/users\/1"}],"replies":[{"embeddable":true,"href":"https:\/\/student-room-flat.com\/cs\/wp-json\/wp\/v2\/comments?post=5014"}],"version-history":[{"count":0,"href":"https:\/\/student-room-flat.com\/cs\/wp-json\/wp\/v2\/pages\/5014\/revisions"}],"wp:attachment":[{"href":"https:\/\/student-room-flat.com\/cs\/wp-json\/wp\/v2\/media?parent=5014"}],"wp:term":[{"taxonomy":"folder","embeddable":true,"href":"https:\/\/student-room-flat.com\/cs\/wp-json\/wp\/v2\/folder?post=5014"}],"curies":[{"name":"wp","href":"https:\/\/api.w.org\/{rel}","templated":true}]}}