{"id":5283,"date":"2020-04-14T15:02:00","date_gmt":"2020-04-14T15:02:00","guid":{"rendered":"http:\/\/student-room-flat.com\/?page_id=5283"},"modified":"2020-04-14T15:06:14","modified_gmt":"2020-04-14T15:06:14","slug":"blog","status":"publish","type":"page","link":"https:\/\/student-room-flat.com\/cs\/blog\/","title":{"rendered":"Blog"},"content":{"rendered":"\t\t<div data-elementor-type=\"wp-page\" data-elementor-id=\"5283\" class=\"elementor elementor-5283 elementor-1253\" data-elementor-post-type=\"page\">\n\t\t\t\t\t\t<section class=\"elementor-section elementor-top-section elementor-element elementor-element-4e46080c elementor-section-content-middle elementor-section-height-min-height elementor-section-boxed elementor-section-height-default elementor-section-items-middle\" data-id=\"4e46080c\" data-element_type=\"section\" data-e-type=\"section\" data-settings=\"{&quot;background_background&quot;:&quot;classic&quot;}\">\n\t\t\t\t\t\t\t<div class=\"elementor-background-overlay\"><\/div>\n\t\t\t\t\t\t\t<div class=\"elementor-container elementor-column-gap-default\">\n\t\t\t\t\t<div class=\"elementor-column elementor-col-100 elementor-top-column elementor-element elementor-element-40a73662\" data-id=\"40a73662\" data-element_type=\"column\" data-e-type=\"column\">\n\t\t\t<div class=\"elementor-widget-wrap elementor-element-populated\">\n\t\t\t\t\t<div class=\"elementor-background-overlay\"><\/div>\n\t\t\t\t\t\t<section class=\"elementor-section elementor-inner-section elementor-element elementor-element-4927f7f7 elementor-section-boxed elementor-section-height-default elementor-section-height-default\" data-id=\"4927f7f7\" data-element_type=\"section\" data-e-type=\"section\">\n\t\t\t\t\t\t<div class=\"elementor-container elementor-column-gap-default\">\n\t\t\t\t\t<div class=\"elementor-column elementor-col-100 elementor-inner-column elementor-element elementor-element-78da0ac\" data-id=\"78da0ac\" data-element_type=\"column\" data-e-type=\"column\">\n\t\t\t<div class=\"elementor-widget-wrap elementor-element-populated\">\n\t\t\t\t\t\t<div class=\"elementor-element elementor-element-6a3ca834 elementor-widget elementor-widget-heading\" data-id=\"6a3ca834\" data-element_type=\"widget\" data-e-type=\"widget\" data-widget_type=\"heading.default\">\n\t\t\t\t<div class=\"elementor-widget-container\">\n\t\t\t\t\t<h1 class=\"elementor-heading-title elementor-size-default\">blog<\/h1>\t\t\t\t<\/div>\n\t\t\t\t<\/div>\n\t\t\t\t<div class=\"elementor-element elementor-element-bee4263 elementor-widget elementor-widget-heading\" data-id=\"bee4263\" data-element_type=\"widget\" data-e-type=\"widget\" data-widget_type=\"heading.default\">\n\t\t\t\t<div class=\"elementor-widget-container\">\n\t\t\t\t\t<h1 class=\"elementor-heading-title elementor-size-default\">Objevte posledn\u00ed zpr\u00e1vy<\/h1>\t\t\t\t<\/div>\n\t\t\t\t<\/div>\n\t\t\t\t\t<\/div>\n\t\t<\/div>\n\t\t\t\t\t<\/div>\n\t\t<\/section>\n\t\t\t\t\t<\/div>\n\t\t<\/div>\n\t\t\t\t\t<\/div>\n\t\t<\/section>\n\t\t\t\t<section class=\"elementor-section elementor-top-section elementor-element elementor-element-b75d056 elementor-section-boxed elementor-section-height-default elementor-section-height-default\" data-id=\"b75d056\" data-element_type=\"section\" data-e-type=\"section\">\n\t\t\t\t\t\t<div class=\"elementor-container elementor-column-gap-default\">\n\t\t\t\t\t<div class=\"elementor-column elementor-col-100 elementor-top-column elementor-element elementor-element-4227f9f\" data-id=\"4227f9f\" data-element_type=\"column\" data-e-type=\"column\">\n\t\t\t<div class=\"elementor-widget-wrap elementor-element-populated\">\n\t\t\t\t\t\t<div class=\"elementor-element elementor-element-3ddb95e elementor-grid-3 elementor-grid-tablet-2 elementor-grid-mobile-1 elementor-posts--thumbnail-top elementor-card-shadow-yes elementor-posts__hover-gradient elementor-widget elementor-widget-posts\" data-id=\"3ddb95e\" data-element_type=\"widget\" data-e-type=\"widget\" data-settings=\"{&quot;cards_columns&quot;:&quot;3&quot;,&quot;cards_columns_tablet&quot;:&quot;2&quot;,&quot;cards_columns_mobile&quot;:&quot;1&quot;,&quot;cards_row_gap&quot;:{&quot;unit&quot;:&quot;px&quot;,&quot;size&quot;:35,&quot;sizes&quot;:[]},&quot;cards_row_gap_tablet&quot;:{&quot;unit&quot;:&quot;px&quot;,&quot;size&quot;:&quot;&quot;,&quot;sizes&quot;:[]},&quot;cards_row_gap_mobile&quot;:{&quot;unit&quot;:&quot;px&quot;,&quot;size&quot;:&quot;&quot;,&quot;sizes&quot;:[]}}\" data-widget_type=\"posts.cards\">\n\t\t\t\t<div class=\"elementor-widget-container\">\n\t\t\t\t\t\t\t<div class=\"elementor-posts-container elementor-posts elementor-posts--skin-cards elementor-grid\" role=\"list\">\n\t\t\t\t<article class=\"elementor-post elementor-grid-item post-5085 post type-post status-publish format-standard has-post-thumbnail hentry category-city-guide-cs category-erasmus-life-cs category-porto-cs category-praha category-uncategorized-cs\" role=\"listitem\">\n\t\t\t<div class=\"elementor-post__card\">\n\t\t\t\t<a class=\"elementor-post__thumbnail__link\" href=\"https:\/\/student-room-flat.com\/cs\/hledate-bezpecne-misto-dostali-jsme-te-na-sebe\/\" tabindex=\"-1\" ><div class=\"elementor-post__thumbnail\"><img decoding=\"async\" width=\"300\" height=\"157\" src=\"https:\/\/student-room-flat.com\/wp-content\/uploads\/2020\/04\/ubytov\u00e1n\u00ed-pro-studenty-Praha-Student-Room-Flat-300x157.jpeg\" class=\"attachment-medium size-medium wp-image-5113\" alt=\"ubytov\u00e1n\u00ed pro studenty Praha- Student Room Flat\" srcset=\"https:\/\/student-room-flat.com\/wp-content\/uploads\/2020\/04\/ubytov\u00e1n\u00ed-pro-studenty-Praha-Student-Room-Flat-300x157.jpeg 300w, https:\/\/student-room-flat.com\/wp-content\/uploads\/2020\/04\/ubytov\u00e1n\u00ed-pro-studenty-Praha-Student-Room-Flat-768x402.jpeg 768w, https:\/\/student-room-flat.com\/wp-content\/uploads\/2020\/04\/ubytov\u00e1n\u00ed-pro-studenty-Praha-Student-Room-Flat-1024x536.jpeg 1024w, https:\/\/student-room-flat.com\/wp-content\/uploads\/2020\/04\/ubytov\u00e1n\u00ed-pro-studenty-Praha-Student-Room-Flat.jpeg 1200w\" sizes=\"(max-width: 300px) 100vw, 300px\" \/><\/div><\/a>\n\t\t\t\t<div class=\"elementor-post__badge\">City Guide<\/div>\n\t\t\t\t<div class=\"elementor-post__text\">\n\t\t\t\t<h3 class=\"elementor-post__title\">\n\t\t\t<a href=\"https:\/\/student-room-flat.com\/cs\/hledate-bezpecne-misto-dostali-jsme-te-na-sebe\/\" >\n\t\t\t\tHled\u00e1te bezpe\u010dn\u00e9 m\u00edsto? Dostali jsme t\u011b na sebe!\t\t\t<\/a>\n\t\t<\/h3>\n\t\t\n\t\t<a class=\"elementor-post__read-more\" href=\"https:\/\/student-room-flat.com\/cs\/hledate-bezpecne-misto-dostali-jsme-te-na-sebe\/\" aria-label=\"Read more about Hled\u00e1te bezpe\u010dn\u00e9 m\u00edsto? Dostali jsme t\u011b na sebe!\" tabindex=\"-1\" >\n\t\t\tP\u0159e\u010dt\u011bte si v\u00edce \u00bb\t\t<\/a>\n\n\t\t\t\t<\/div>\n\t\t\t\t\t<\/div>\n\t\t<\/article>\n\t\t\t\t<\/div>\n\t\t\n\t\t\t\t\t\t<\/div>\n\t\t\t\t<\/div>\n\t\t\t\t\t<\/div>\n\t\t<\/div>\n\t\t\t\t\t<\/div>\n\t\t<\/section>\n\t\t\t\t<\/div>\n\t\t","protected":false},"excerpt":{"rendered":"<p>blog Objevte posledn\u00ed zpr\u00e1vy<\/p>\n","protected":false},"author":1,"featured_media":5284,"parent":0,"menu_order":0,"comment_status":"closed","ping_status":"closed","template":"","meta":{"_acf_changed":false,"footnotes":""},"folder":[],"class_list":["post-5283","page","type-page","status-publish","has-post-thumbnail","hentry"],"acf":[],"_links":{"self":[{"href":"https:\/\/student-room-flat.com\/cs\/wp-json\/wp\/v2\/pages\/5283","targetHints":{"allow":["GET"]}}],"collection":[{"href":"https:\/\/student-room-flat.com\/cs\/wp-json\/wp\/v2\/pages"}],"about":[{"href":"https:\/\/student-room-flat.com\/cs\/wp-json\/wp\/v2\/types\/page"}],"author":[{"embeddable":true,"href":"https:\/\/student-room-flat.com\/cs\/wp-json\/wp\/v2\/users\/1"}],"replies":[{"embeddable":true,"href":"https:\/\/student-room-flat.com\/cs\/wp-json\/wp\/v2\/comments?post=5283"}],"version-history":[{"count":0,"href":"https:\/\/student-room-flat.com\/cs\/wp-json\/wp\/v2\/pages\/5283\/revisions"}],"wp:featuredmedia":[{"embeddable":true,"href":"https:\/\/student-room-flat.com\/cs\/wp-json\/wp\/v2\/media\/5284"}],"wp:attachment":[{"href":"https:\/\/student-room-flat.com\/cs\/wp-json\/wp\/v2\/media?parent=5283"}],"wp:term":[{"taxonomy":"folder","embeddable":true,"href":"https:\/\/student-room-flat.com\/cs\/wp-json\/wp\/v2\/folder?post=5283"}],"curies":[{"name":"wp","href":"https:\/\/api.w.org\/{rel}","templated":true}]}}