{"id":26199,"date":"2023-09-20T08:02:56","date_gmt":"2023-09-20T08:02:56","guid":{"rendered":"https:\/\/student-room-flat.com\/?page_id=26199"},"modified":"2023-09-20T08:02:58","modified_gmt":"2023-09-20T08:02:58","slug":"consultoria-gratuita","status":"publish","type":"page","link":"https:\/\/student-room-flat.com\/es\/consultoria-gratuita\/","title":{"rendered":"Consulta Gratuita Habitaci\u00f3n Estudiante Piso"},"content":{"rendered":"\t\t<div data-elementor-type=\"wp-page\" data-elementor-id=\"26199\" class=\"elementor elementor-26199 elementor-1729\" data-elementor-post-type=\"page\">\n\t\t\t\t\t\t<section class=\"elementor-section elementor-top-section elementor-element elementor-element-96776ae elementor-section-boxed elementor-section-height-default elementor-section-height-default\" data-id=\"96776ae\" data-element_type=\"section\" data-e-type=\"section\">\n\t\t\t\t\t\t<div class=\"elementor-container elementor-column-gap-default\">\n\t\t\t\t\t<div class=\"elementor-column elementor-col-100 elementor-top-column elementor-element elementor-element-4f24fde\" data-id=\"4f24fde\" data-element_type=\"column\" data-e-type=\"column\">\n\t\t\t<div class=\"elementor-widget-wrap elementor-element-populated\">\n\t\t\t\t\t\t<div class=\"elementor-element elementor-element-2327fce elementor-widget elementor-widget-heading\" data-id=\"2327fce\" data-element_type=\"widget\" data-e-type=\"widget\" data-widget_type=\"heading.default\">\n\t\t\t\t<div class=\"elementor-widget-container\">\n\t\t\t\t\t<h1 class=\"elementor-heading-title elementor-size-default\">Consultor\u00eda gratuita<\/h1>\t\t\t\t<\/div>\n\t\t\t\t<\/div>\n\t\t\t\t<div class=\"elementor-element elementor-element-a827090 elementor-widget elementor-widget-text-editor\" data-id=\"a827090\" data-element_type=\"widget\" data-e-type=\"widget\" data-widget_type=\"text-editor.default\">\n\t\t\t\t<div class=\"elementor-widget-container\">\n\t\t\t\t\t\t\t\t\t<p>Tanto si busca el alojamiento perfecto en el extranjero como si, por el contrario, intenta encontrar los inquilinos adecuados para su propiedad en alquiler, Student Room Flat est\u00e1 aqu\u00ed para ayudarle.<\/p>\n<p>Seleccione uno de los perfiles que aparecen a continuaci\u00f3n y deje que nuestro equipo de especialistas en vivienda le atienda gratuitamente.<\/p><\/p>\n\t\t\t\t\t\t\t\t<\/div>\n\t\t\t\t<\/div>\n\t\t\t\t<section class=\"elementor-section elementor-inner-section elementor-element elementor-element-2efc471 elementor-section-boxed elementor-section-height-default elementor-section-height-default\" data-id=\"2efc471\" data-element_type=\"section\" data-e-type=\"section\">\n\t\t\t\t\t\t<div class=\"elementor-container elementor-column-gap-default\">\n\t\t\t\t\t<div class=\"elementor-column elementor-col-50 elementor-inner-column elementor-element elementor-element-9866e4a\" data-id=\"9866e4a\" data-element_type=\"column\" data-e-type=\"column\">\n\t\t\t<div class=\"elementor-widget-wrap elementor-element-populated\">\n\t\t\t\t\t\t<div class=\"elementor-element elementor-element-3d047c1 elementor-widget elementor-widget-heading\" data-id=\"3d047c1\" data-element_type=\"widget\" data-e-type=\"widget\" data-widget_type=\"heading.default\">\n\t\t\t\t<div class=\"elementor-widget-container\">\n\t\t\t\t\t<h3 class=\"elementor-heading-title elementor-size-default\">For tenants<\/h3>\t\t\t\t<\/div>\n\t\t\t\t<\/div>\n\t\t\t\t<div class=\"elementor-element elementor-element-98dc2bd elementor-widget elementor-widget-heading\" data-id=\"98dc2bd\" data-element_type=\"widget\" data-e-type=\"widget\" data-widget_type=\"heading.default\">\n\t\t\t\t<div class=\"elementor-widget-container\">\n\t\t\t\t\t<h2 class=\"elementor-heading-title elementor-size-default\">Busco una habitaci\u00f3n<\/h2>\t\t\t\t<\/div>\n\t\t\t\t<\/div>\n\t\t\t\t<div class=\"elementor-element elementor-element-0d76666 elementor-widget elementor-widget-button\" data-id=\"0d76666\" data-element_type=\"widget\" data-e-type=\"widget\" data-widget_type=\"button.default\">\n\t\t\t\t<div class=\"elementor-widget-container\">\n\t\t\t\t\t\t\t\t\t<div class=\"elementor-button-wrapper\">\n\t\t\t\t\t<a class=\"elementor-button elementor-button-link elementor-size-sm\" href=\"https:\/\/student-room-flat.com\/free-consulting\/for-tenants\">\n\t\t\t\t\t\t<span class=\"elementor-button-content-wrapper\">\n\t\t\t\t\t\t\t\t\t<span class=\"elementor-button-text\">Ay\u00fadame con mi reserva<\/span>\n\t\t\t\t\t<\/span>\n\t\t\t\t\t<\/a>\n\t\t\t\t<\/div>\n\t\t\t\t\t\t\t\t<\/div>\n\t\t\t\t<\/div>\n\t\t\t\t\t<\/div>\n\t\t<\/div>\n\t\t\t\t<div class=\"elementor-column elementor-col-50 elementor-inner-column elementor-element elementor-element-80ee23f\" data-id=\"80ee23f\" data-element_type=\"column\" data-e-type=\"column\">\n\t\t\t<div class=\"elementor-widget-wrap elementor-element-populated\">\n\t\t\t\t\t\t<div class=\"elementor-element elementor-element-0b04af6 elementor-widget elementor-widget-heading\" data-id=\"0b04af6\" data-element_type=\"widget\" data-e-type=\"widget\" data-widget_type=\"heading.default\">\n\t\t\t\t<div class=\"elementor-widget-container\">\n\t\t\t\t\t<h3 class=\"elementor-heading-title elementor-size-default\">For hosts<\/h3>\t\t\t\t<\/div>\n\t\t\t\t<\/div>\n\t\t\t\t<div class=\"elementor-element elementor-element-7e1619e elementor-widget elementor-widget-heading\" data-id=\"7e1619e\" data-element_type=\"widget\" data-e-type=\"widget\" data-widget_type=\"heading.default\">\n\t\t\t\t<div class=\"elementor-widget-container\">\n\t\t\t\t\t<h2 class=\"elementor-heading-title elementor-size-default\">Quiero alquilar mi vivienda a estudiantes<\/h2>\t\t\t\t<\/div>\n\t\t\t\t<\/div>\n\t\t\t\t<div class=\"elementor-element elementor-element-c860f35 elementor-widget elementor-widget-button\" data-id=\"c860f35\" data-element_type=\"widget\" data-e-type=\"widget\" data-widget_type=\"button.default\">\n\t\t\t\t<div class=\"elementor-widget-container\">\n\t\t\t\t\t\t\t\t\t<div class=\"elementor-button-wrapper\">\n\t\t\t\t\t<a class=\"elementor-button elementor-button-link elementor-size-sm\" href=\"https:\/\/student-room-flat.com\/free-consulting\/for-hosts\/\">\n\t\t\t\t\t\t<span class=\"elementor-button-content-wrapper\">\n\t\t\t\t\t\t\t\t\t<span class=\"elementor-button-text\">Ay\u00fadame con mi anuncio<\/span>\n\t\t\t\t\t<\/span>\n\t\t\t\t\t<\/a>\n\t\t\t\t<\/div>\n\t\t\t\t\t\t\t\t<\/div>\n\t\t\t\t<\/div>\n\t\t\t\t\t<\/div>\n\t\t<\/div>\n\t\t\t\t\t<\/div>\n\t\t<\/section>\n\t\t\t\t\t<\/div>\n\t\t<\/div>\n\t\t\t\t\t<\/div>\n\t\t<\/section>\n\t\t\t\t<\/div>\n\t\t","protected":false},"excerpt":{"rendered":"<p>Consultor\u00eda gratuita Tanto si busca el alojamiento perfecto en el extranjero como si, por el contrario, intenta encontrar los inquilinos adecuados para su propiedad en alquiler, Student Room Flat est\u00e1 aqu\u00ed para ayudarle. Seleccione uno de los perfiles que aparecen a continuaci\u00f3n y deje que nuestro equipo de especialistas en vivienda le atienda gratuitamente. For [&hellip;]<\/p>\n","protected":false},"author":1,"featured_media":2921,"parent":0,"menu_order":0,"comment_status":"closed","ping_status":"closed","template":"","meta":{"_acf_changed":false,"footnotes":""},"folder":[],"class_list":["post-26199","page","type-page","status-publish","has-post-thumbnail","hentry"],"acf":[],"_links":{"self":[{"href":"https:\/\/student-room-flat.com\/es\/wp-json\/wp\/v2\/pages\/26199","targetHints":{"allow":["GET"]}}],"collection":[{"href":"https:\/\/student-room-flat.com\/es\/wp-json\/wp\/v2\/pages"}],"about":[{"href":"https:\/\/student-room-flat.com\/es\/wp-json\/wp\/v2\/types\/page"}],"author":[{"embeddable":true,"href":"https:\/\/student-room-flat.com\/es\/wp-json\/wp\/v2\/users\/1"}],"replies":[{"embeddable":true,"href":"https:\/\/student-room-flat.com\/es\/wp-json\/wp\/v2\/comments?post=26199"}],"version-history":[{"count":2,"href":"https:\/\/student-room-flat.com\/es\/wp-json\/wp\/v2\/pages\/26199\/revisions"}],"predecessor-version":[{"id":26223,"href":"https:\/\/student-room-flat.com\/es\/wp-json\/wp\/v2\/pages\/26199\/revisions\/26223"}],"wp:featuredmedia":[{"embeddable":true,"href":"https:\/\/student-room-flat.com\/es\/wp-json\/wp\/v2\/media\/2921"}],"wp:attachment":[{"href":"https:\/\/student-room-flat.com\/es\/wp-json\/wp\/v2\/media?parent=26199"}],"wp:term":[{"taxonomy":"folder","embeddable":true,"href":"https:\/\/student-room-flat.com\/es\/wp-json\/wp\/v2\/folder?post=26199"}],"curies":[{"name":"wp","href":"https:\/\/api.w.org\/{rel}","templated":true}]}}