{"id":2677,"date":"2020-01-16T15:58:31","date_gmt":"2020-01-16T15:58:31","guid":{"rendered":"http:\/\/student-room-flat.com\/?page_id=2677"},"modified":"2023-09-20T08:24:43","modified_gmt":"2023-09-20T08:24:43","slug":"alojamiento-erasmus","status":"publish","type":"page","link":"https:\/\/student-room-flat.com\/es\/alojamiento-erasmus\/","title":{"rendered":"Alojamiento Erasmus"},"content":{"rendered":"\t\t<div data-elementor-type=\"wp-page\" data-elementor-id=\"2677\" class=\"elementor elementor-2677 elementor-1150\" data-elementor-post-type=\"page\">\n\t\t\t\t\t\t<section class=\"elementor-section elementor-top-section elementor-element elementor-element-1bf5fe34 elementor-section-content-middle elementor-section-boxed elementor-section-height-default elementor-section-height-default\" data-id=\"1bf5fe34\" data-element_type=\"section\" data-e-type=\"section\" data-settings=\"{&quot;background_background&quot;:&quot;classic&quot;}\">\n\t\t\t\t\t\t\t<div class=\"elementor-background-overlay\"><\/div>\n\t\t\t\t\t\t\t<div class=\"elementor-container elementor-column-gap-wider\">\n\t\t\t\t\t<div class=\"elementor-column elementor-col-100 elementor-top-column elementor-element elementor-element-6acb9e8\" data-id=\"6acb9e8\" data-element_type=\"column\" data-e-type=\"column\">\n\t\t\t<div class=\"elementor-widget-wrap elementor-element-populated\">\n\t\t\t\t\t<div class=\"elementor-background-overlay\"><\/div>\n\t\t\t\t\t\t<section class=\"elementor-section elementor-inner-section elementor-element elementor-element-7b5b074 elementor-section-boxed elementor-section-height-default elementor-section-height-default\" data-id=\"7b5b074\" data-element_type=\"section\" data-e-type=\"section\">\n\t\t\t\t\t\t<div class=\"elementor-container elementor-column-gap-default\">\n\t\t\t\t\t<div class=\"elementor-column elementor-col-100 elementor-inner-column elementor-element elementor-element-199879a2\" data-id=\"199879a2\" data-element_type=\"column\" data-e-type=\"column\">\n\t\t\t<div class=\"elementor-widget-wrap elementor-element-populated\">\n\t\t\t\t\t\t<div class=\"elementor-element elementor-element-6e2fe1b2 elementor-widget elementor-widget-heading\" data-id=\"6e2fe1b2\" data-element_type=\"widget\" data-e-type=\"widget\" data-widget_type=\"heading.default\">\n\t\t\t\t<div class=\"elementor-widget-container\">\n\t\t\t\t\t<h1 class=\"elementor-heading-title elementor-size-default\">Alojamiento Erasmus en el extranjero. Encuentra la habitaci\u00f3n perfecta<\/h1>\t\t\t\t<\/div>\n\t\t\t\t<\/div>\n\t\t\t\t<div class=\"elementor-element elementor-element-379754b0 elementor-widget elementor-widget-heading\" data-id=\"379754b0\" data-element_type=\"widget\" data-e-type=\"widget\" data-widget_type=\"heading.default\">\n\t\t\t\t<div class=\"elementor-widget-container\">\n\t\t\t\t\t<h2 class=\"elementor-heading-title elementor-size-default\">Alojamiento Erasmus<\/h2>\t\t\t\t<\/div>\n\t\t\t\t<\/div>\n\t\t\t\t<div class=\"elementor-element elementor-element-3a86bb12 elementor-widget elementor-widget-text-editor\" data-id=\"3a86bb12\" data-element_type=\"widget\" data-e-type=\"widget\" data-widget_type=\"text-editor.default\">\n\t\t\t\t<div class=\"elementor-widget-container\">\n\t\t\t\t\t\t\t\t\t<p>La idea de vivir en el extranjero durante un semestre o un a\u00f1o completo suena emocionante y al mismo tiempo podr\u00eda ser aterrador! Veamos c\u00f3mo encontrar alojamiento para Erasmus o estudiantes internacionales en el extranjero.<\/p>\n\t\t\t\t\t\t\t\t<\/div>\n\t\t\t\t<\/div>\n\t\t\t\t\t<\/div>\n\t\t<\/div>\n\t\t\t\t\t<\/div>\n\t\t<\/section>\n\t\t\t\t<section class=\"elementor-section elementor-inner-section elementor-element elementor-element-314857b8 elementor-section-boxed elementor-section-height-default elementor-section-height-default\" data-id=\"314857b8\" data-element_type=\"section\" data-e-type=\"section\">\n\t\t\t\t\t\t<div class=\"elementor-container elementor-column-gap-default\">\n\t\t\t\t\t<div class=\"elementor-column elementor-col-100 elementor-inner-column elementor-element elementor-element-11ba7826\" data-id=\"11ba7826\" data-element_type=\"column\" data-e-type=\"column\">\n\t\t\t<div class=\"elementor-widget-wrap elementor-element-populated\">\n\t\t\t\t\t\t<div class=\"elementor-element elementor-element-5f9c7aa9 elementor-align-center elementor-mobile-align-justify elementor-widget elementor-widget-button\" data-id=\"5f9c7aa9\" data-element_type=\"widget\" data-e-type=\"widget\" data-widget_type=\"button.default\">\n\t\t\t\t<div class=\"elementor-widget-container\">\n\t\t\t\t\t\t\t\t\t<div class=\"elementor-button-wrapper\">\n\t\t\t\t\t<a class=\"elementor-button elementor-button-link elementor-size-md elementor-animation-float\" href=\"#locations\">\n\t\t\t\t\t\t<span class=\"elementor-button-content-wrapper\">\n\t\t\t\t\t\t\t\t\t<span class=\"elementor-button-text\">Descubrir ubicaciones<\/span>\n\t\t\t\t\t<\/span>\n\t\t\t\t\t<\/a>\n\t\t\t\t<\/div>\n\t\t\t\t\t\t\t\t<\/div>\n\t\t\t\t<\/div>\n\t\t\t\t\t<\/div>\n\t\t<\/div>\n\t\t\t\t\t<\/div>\n\t\t<\/section>\n\t\t\t\t\t<\/div>\n\t\t<\/div>\n\t\t\t\t\t<\/div>\n\t\t<\/section>\n\t\t\t\t<section class=\"elementor-section elementor-top-section elementor-element elementor-element-36cd7931 elementor-section-content-middle elementor-section-boxed elementor-section-height-default elementor-section-height-default\" data-id=\"36cd7931\" data-element_type=\"section\" data-e-type=\"section\" id=\"what-is\">\n\t\t\t\t\t\t<div class=\"elementor-container elementor-column-gap-no\">\n\t\t\t\t\t<div class=\"elementor-column elementor-col-100 elementor-top-column elementor-element elementor-element-30c6652c\" data-id=\"30c6652c\" data-element_type=\"column\" data-e-type=\"column\">\n\t\t\t<div class=\"elementor-widget-wrap elementor-element-populated\">\n\t\t\t\t\t\t<div class=\"elementor-element elementor-element-72f6837f elementor-widget elementor-widget-heading\" data-id=\"72f6837f\" data-element_type=\"widget\" data-e-type=\"widget\" data-widget_type=\"heading.default\">\n\t\t\t\t<div class=\"elementor-widget-container\">\n\t\t\t\t\t<h2 class=\"elementor-heading-title elementor-size-default\">Hoteles Erasmus en el extranjero<\/h2>\t\t\t\t<\/div>\n\t\t\t\t<\/div>\n\t\t\t\t<div class=\"elementor-element elementor-element-db94c67 elementor-widget elementor-widget-text-editor\" data-id=\"db94c67\" data-element_type=\"widget\" data-e-type=\"widget\" data-widget_type=\"text-editor.default\">\n\t\t\t\t<div class=\"elementor-widget-container\">\n\t\t\t\t\t\t\t\t\t<p>Estudiar y vivir en el extranjero es una gran idea para mejorar el curr\u00edculum y para el desarrollo personal, sin embargo, dejar el alojamiento para \u00faltima hora puede revelarse como una aut\u00e9ntica pesadilla. Piensa que tu alojamiento ser\u00e1 la base de toda tu experiencia, con la posibilidad de potenciarlo o reducirlo.<\/p>\n<p>Por esta raz\u00f3n, te aconsejamos que apuestes por una experiencia mayor que simplemente compartir piso en el extranjero y que te bases en una investigaci\u00f3n temprana. En su lugar, busca una experiencia \u00fanica de flatshare donde puedas pertenecer a una comunidad y aprender nuevas habilidades desde la comodidad de tu propio lugar.<\/p>\n<p>Como sabes, son muchos los detalles que debes tener en cuenta a la hora de elegir tu alojamiento en el extranjero, pero para hacerlo un poco m\u00e1s sencillo hemos decidido dividirlo en tres temas principales que pueden ayudarte a orientar tu b\u00fasqueda y selecci\u00f3n de piso. \u00a1Echa un vistazo!<\/p>\n\t\t\t\t\t\t\t\t<\/div>\n\t\t\t\t<\/div>\n\t\t\t\t<section class=\"elementor-section elementor-inner-section elementor-element elementor-element-8f94c87 elementor-section-boxed elementor-section-height-default elementor-section-height-default\" data-id=\"8f94c87\" data-element_type=\"section\" data-e-type=\"section\" id=\"locations\">\n\t\t\t\t\t\t<div class=\"elementor-container elementor-column-gap-default\">\n\t\t\t\t\t<div class=\"elementor-column elementor-col-50 elementor-inner-column elementor-element elementor-element-35fa88d\" data-id=\"35fa88d\" data-element_type=\"column\" data-e-type=\"column\">\n\t\t\t<div class=\"elementor-widget-wrap elementor-element-populated\">\n\t\t\t\t\t\t<div class=\"elementor-element elementor-element-d9f1ab0 elementor-cta--skin-cover elementor-animated-content elementor-bg-transform elementor-bg-transform-zoom-in elementor-widget elementor-widget-call-to-action\" data-id=\"d9f1ab0\" data-element_type=\"widget\" data-e-type=\"widget\" data-widget_type=\"call-to-action.default\">\n\t\t\t\t<div class=\"elementor-widget-container\">\n\t\t\t\t\t\t\t<a class=\"elementor-cta\" href=\"https:\/\/student-room-flat.com\/es\/\">\n\t\t\t\t\t<div class=\"elementor-cta__bg-wrapper\">\n\t\t\t\t<div class=\"elementor-cta__bg elementor-bg\" style=\"background-image: url(https:\/\/student-room-flat.com\/wp-content\/uploads\/2020\/02\/dmitry-goykolov-X8Vo9rGVPS8-unsplash-768x512.jpg);\" role=\"img\" aria-label=\"Popular Neighbourhoods in Pargue\"><\/div>\n\t\t\t\t<div class=\"elementor-cta__bg-overlay\"><\/div>\n\t\t\t<\/div>\n\t\t\t\t\t\t\t<div class=\"elementor-cta__content\">\n\t\t\t\t\n\t\t\t\t\t\t\t\t\t<h2 class=\"elementor-cta__title elementor-cta__content-item elementor-content-item elementor-animated-item--grow\">\n\t\t\t\t\t\tAlojamiento Erasmus Praga\t\t\t\t\t<\/h2>\n\t\t\t\t\n\t\t\t\t\n\t\t\t\t\t\t\t\t\t<div class=\"elementor-cta__button-wrapper elementor-cta__content-item elementor-content-item elementor-animated-item--grow\">\n\t\t\t\t\t<span class=\"elementor-cta__button elementor-button elementor-size-\">\n\t\t\t\t\t\tExplorar las habitaciones de Praga\t\t\t\t\t<\/span>\n\t\t\t\t\t<\/div>\n\t\t\t\t\t\t\t<\/div>\n\t\t\t\t\t\t<\/a>\n\t\t\t\t\t\t<\/div>\n\t\t\t\t<\/div>\n\t\t\t\t\t<\/div>\n\t\t<\/div>\n\t\t\t\t<div class=\"elementor-column elementor-col-50 elementor-inner-column elementor-element elementor-element-fdb680a\" data-id=\"fdb680a\" data-element_type=\"column\" data-e-type=\"column\">\n\t\t\t<div class=\"elementor-widget-wrap elementor-element-populated\">\n\t\t\t\t\t\t<div class=\"elementor-element elementor-element-a028e6d elementor-cta--skin-cover elementor-animated-content elementor-bg-transform elementor-bg-transform-zoom-in elementor-widget elementor-widget-call-to-action\" data-id=\"a028e6d\" data-element_type=\"widget\" data-e-type=\"widget\" data-widget_type=\"call-to-action.default\">\n\t\t\t\t<div class=\"elementor-widget-container\">\n\t\t\t\t\t\t\t<a class=\"elementor-cta\" href=\"https:\/\/student-room-flat.com\/porto-accommodation\/\">\n\t\t\t\t\t<div class=\"elementor-cta__bg-wrapper\">\n\t\t\t\t<div class=\"elementor-cta__bg elementor-bg\" style=\"background-image: url(https:\/\/student-room-flat.com\/wp-content\/uploads\/2020\/06\/67416499_869245726765030_2157301496562057216_n-1-768x512.jpg);\" role=\"img\" aria-label=\"67416499_869245726765030_2157301496562057216_n-1.jpg\"><\/div>\n\t\t\t\t<div class=\"elementor-cta__bg-overlay\"><\/div>\n\t\t\t<\/div>\n\t\t\t\t\t\t\t<div class=\"elementor-cta__content\">\n\t\t\t\t\n\t\t\t\t\t\t\t\t\t<h2 class=\"elementor-cta__title elementor-cta__content-item elementor-content-item elementor-animated-item--grow\">\n\t\t\t\t\t\tAlojamiento Erasmus Oporto\t\t\t\t\t<\/h2>\n\t\t\t\t\n\t\t\t\t\n\t\t\t\t\t\t\t\t\t<div class=\"elementor-cta__button-wrapper elementor-cta__content-item elementor-content-item elementor-animated-item--grow\">\n\t\t\t\t\t<span class=\"elementor-cta__button elementor-button elementor-size-\">\n\t\t\t\t\t\tExplorar habitaciones en Oporto\t\t\t\t\t<\/span>\n\t\t\t\t\t<\/div>\n\t\t\t\t\t\t\t<\/div>\n\t\t\t\t\t\t<\/a>\n\t\t\t\t\t\t<\/div>\n\t\t\t\t<\/div>\n\t\t\t\t\t<\/div>\n\t\t<\/div>\n\t\t\t\t\t<\/div>\n\t\t<\/section>\n\t\t\t\t<section class=\"elementor-section elementor-inner-section elementor-element elementor-element-5de0485 elementor-section-boxed elementor-section-height-default elementor-section-height-default\" data-id=\"5de0485\" data-element_type=\"section\" data-e-type=\"section\">\n\t\t\t\t\t\t<div class=\"elementor-container elementor-column-gap-default\">\n\t\t\t\t\t<div class=\"elementor-column elementor-col-50 elementor-inner-column elementor-element elementor-element-1c70e4f\" data-id=\"1c70e4f\" data-element_type=\"column\" data-e-type=\"column\">\n\t\t\t<div class=\"elementor-widget-wrap elementor-element-populated\">\n\t\t\t\t\t\t<div class=\"elementor-element elementor-element-d6e2168 elementor-cta--skin-cover elementor-animated-content elementor-bg-transform elementor-bg-transform-zoom-in elementor-widget elementor-widget-call-to-action\" data-id=\"d6e2168\" data-element_type=\"widget\" data-e-type=\"widget\" data-widget_type=\"call-to-action.default\">\n\t\t\t\t<div class=\"elementor-widget-container\">\n\t\t\t\t\t\t\t<a class=\"elementor-cta\" href=\"https:\/\/student-room-flat.com\/pilsen-accommodation\/\">\n\t\t\t\t\t<div class=\"elementor-cta__bg-wrapper\">\n\t\t\t\t<div class=\"elementor-cta__bg elementor-bg\" style=\"background-image: url(https:\/\/student-room-flat.com\/wp-content\/uploads\/2020\/06\/image.ashx_.jpg);\" role=\"img\" aria-label=\"pilsen accommodation\"><\/div>\n\t\t\t\t<div class=\"elementor-cta__bg-overlay\"><\/div>\n\t\t\t<\/div>\n\t\t\t\t\t\t\t<div class=\"elementor-cta__content\">\n\t\t\t\t\n\t\t\t\t\t\t\t\t\t<h2 class=\"elementor-cta__title elementor-cta__content-item elementor-content-item elementor-animated-item--grow\">\n\t\t\t\t\t\tPilsen Alojamiento Erasmus\t\t\t\t\t<\/h2>\n\t\t\t\t\n\t\t\t\t\n\t\t\t\t\t\t\t\t\t<div class=\"elementor-cta__button-wrapper elementor-cta__content-item elementor-content-item elementor-animated-item--grow\">\n\t\t\t\t\t<span class=\"elementor-cta__button elementor-button elementor-size-\">\n\t\t\t\t\t\tExplorar habitaciones en Pilsen\t\t\t\t\t<\/span>\n\t\t\t\t\t<\/div>\n\t\t\t\t\t\t\t<\/div>\n\t\t\t\t\t\t<\/a>\n\t\t\t\t\t\t<\/div>\n\t\t\t\t<\/div>\n\t\t\t\t\t<\/div>\n\t\t<\/div>\n\t\t\t\t<div class=\"elementor-column elementor-col-50 elementor-inner-column elementor-element elementor-element-36afe48\" data-id=\"36afe48\" data-element_type=\"column\" data-e-type=\"column\">\n\t\t\t<div class=\"elementor-widget-wrap elementor-element-populated\">\n\t\t\t\t\t\t<div class=\"elementor-element elementor-element-a57ed3c elementor-cta--skin-cover elementor-animated-content elementor-bg-transform elementor-bg-transform-zoom-in elementor-widget elementor-widget-call-to-action\" data-id=\"a57ed3c\" data-element_type=\"widget\" data-e-type=\"widget\" data-widget_type=\"call-to-action.default\">\n\t\t\t\t<div class=\"elementor-widget-container\">\n\t\t\t\t\t\t\t<a class=\"elementor-cta\" href=\"#\">\n\t\t\t\t\t<div class=\"elementor-cta__bg-wrapper\">\n\t\t\t\t<div class=\"elementor-cta__bg elementor-bg\" style=\"background-image: url(https:\/\/student-room-flat.com\/wp-content\/uploads\/2020\/06\/chris-karidis-nnzkZNYWHaU-unsplash1-768x511.jpg);\" role=\"img\" aria-label=\"paris student erasmus accommodation\"><\/div>\n\t\t\t\t<div class=\"elementor-cta__bg-overlay\"><\/div>\n\t\t\t<\/div>\n\t\t\t\t\t\t\t<div class=\"elementor-cta__content\">\n\t\t\t\t\n\t\t\t\t\t\t\t\t\t<h2 class=\"elementor-cta__title elementor-cta__content-item elementor-content-item elementor-animated-item--grow\">\n\t\t\t\t\t\tAlojamiento Erasmus Par\u00eds\t\t\t\t\t<\/h2>\n\t\t\t\t\n\t\t\t\t\n\t\t\t\t\t\t\t\t\t<div class=\"elementor-cta__button-wrapper elementor-cta__content-item elementor-content-item elementor-animated-item--grow\">\n\t\t\t\t\t<span class=\"elementor-cta__button elementor-button elementor-size-\">\n\t\t\t\t\t\tExplorar las habitaciones de Par\u00eds\t\t\t\t\t<\/span>\n\t\t\t\t\t<\/div>\n\t\t\t\t\t\t\t<\/div>\n\t\t\t\t\t\t\t<div class=\"elementor-ribbon\">\n\t\t\t\t<div class=\"elementor-ribbon-inner\">\n\t\t\t\t\tPr\u00f3xima apertura\t\t\t\t<\/div>\n\t\t\t<\/div>\n\t\t\t\t<\/a>\n\t\t\t\t\t\t<\/div>\n\t\t\t\t<\/div>\n\t\t\t\t\t<\/div>\n\t\t<\/div>\n\t\t\t\t\t<\/div>\n\t\t<\/section>\n\t\t\t\t<div class=\"elementor-element elementor-element-37cf5433 elementor-widget elementor-widget-heading\" data-id=\"37cf5433\" data-element_type=\"widget\" data-e-type=\"widget\" data-widget_type=\"heading.default\">\n\t\t\t\t<div class=\"elementor-widget-container\">\n\t\t\t\t\t<h2 class=\"elementor-heading-title elementor-size-default\">Reserve su habitaci\u00f3n en el extranjero sin sorpresas<\/h2>\t\t\t\t<\/div>\n\t\t\t\t<\/div>\n\t\t\t\t<div class=\"elementor-element elementor-element-7346a526 elementor-widget elementor-widget-text-editor\" data-id=\"7346a526\" data-element_type=\"widget\" data-e-type=\"widget\" data-widget_type=\"text-editor.default\">\n\t\t\t\t<div class=\"elementor-widget-container\">\n\t\t\t\t\t\t\t\t\t<p>\u00abMejor seguro que lo siento\u00bb, al igual que su madre probablemente le ha dicho muchas veces antes! Cuando se trate de su alojamiento en el extranjero, no lo deje para \u00faltima hora. Esta decisi\u00f3n no debe tomarse a la ligera ni con prisas, ya que tu alojamiento puede dictar tu calidad de vida durante tu aventura Erasmus.<\/p>\n<p>Pasar tiempo preocup\u00e1ndose por las facturas, los propietarios que no responden y los compa\u00f1eros de piso irrespetuosos puede poner en peligro su experiencia en el extranjero. Sin mencionar que las historias de estafas y estafas se han vuelto cada vez m\u00e1s habituales entre los negocios de hogares para estudiantes en el extranjero. Por este motivo, preste atenci\u00f3n a los m\u00e9todos de pago y a la informaci\u00f3n solicitada antes de su reserva y pago. \u00a1Es mejor pagar por la calidad y la seguridad aseguradas en lugar de arriesgarse a perder dinero y tiempo!<\/p>\n<p>C\u00e9ntrate en encontrar un alojamiento seguro con una comunidad bien constituida que te apoye y te acoja en este nuevo cap\u00edtulo en una ciudad extranjera.<\/p>\n\t\t\t\t\t\t\t\t<\/div>\n\t\t\t\t<\/div>\n\t\t\t\t<div class=\"elementor-element elementor-element-9ddf1f3 elementor-widget elementor-widget-spacer\" data-id=\"9ddf1f3\" data-element_type=\"widget\" data-e-type=\"widget\" data-widget_type=\"spacer.default\">\n\t\t\t\t<div class=\"elementor-widget-container\">\n\t\t\t\t\t\t\t<div class=\"elementor-spacer\">\n\t\t\t<div class=\"elementor-spacer-inner\"><\/div>\n\t\t<\/div>\n\t\t\t\t\t\t<\/div>\n\t\t\t\t<\/div>\n\t\t\t\t<div class=\"elementor-element elementor-element-64ebfba elementor-widget elementor-widget-heading\" data-id=\"64ebfba\" data-element_type=\"widget\" data-e-type=\"widget\" data-widget_type=\"heading.default\">\n\t\t\t\t<div class=\"elementor-widget-container\">\n\t\t\t\t\t<h3 class=\"elementor-heading-title elementor-size-default\">Mantenga su privacidad Pero no se sienta solo<\/h3>\t\t\t\t<\/div>\n\t\t\t\t<\/div>\n\t\t\t\t<div class=\"elementor-element elementor-element-2a9ffcd elementor-widget elementor-widget-text-editor\" data-id=\"2a9ffcd\" data-element_type=\"widget\" data-e-type=\"widget\" data-widget_type=\"text-editor.default\">\n\t\t\t\t<div class=\"elementor-widget-container\">\n\t\t\t\t\t\t\t\t\t<p>Seguro que el alojamiento en la universidad o en una residencia de estudiantes se te pasa por la cabeza como una opci\u00f3n tentadora para alojarte durante tu programa de intercambio Erasmus, sin embargo, puede ser una decisi\u00f3n dif\u00edcil de tomar.<\/p>\n<p>Muchos dormitorios deciden abastecer a sus estudiantes en peque\u00f1as habitaciones compartidas oblig\u00e1ndolos a renunciar a su espacio personal con el fin de pagar un precio m\u00e1s bajo durante su estancia en el extranjero. Por supuesto que usted vino a su programa Erasmus con la intenci\u00f3n de conocer gente nueva, pero eso no significa que tenga que sacrificar su privacidad.<\/p>\n<p><strong>En Student Room Flat seguimos la idea de \u00absolo pero nunca solo\u00bb.<\/strong> Tienes acceso a una habitaci\u00f3n s\u00f3lo para ti en un piso compartido, consiguiendo mantener tu espacio personal en un alojamiento compartido. T\u00fa eliges entre alojamiento compartido o privado, sabiendo que en ambos casos siempre se respetar\u00e1 tu espacio personal.<\/p>\n<p>En cualquier caso si buscas una experiencia m\u00e1s particular o individual un estudio para estudiantes puede ser la opci\u00f3n perfecta, dejando la confraternizaci\u00f3n diaria para fuera de tu lugar (casa del estudiante)m<\/p>\n\t\t\t\t\t\t\t\t<\/div>\n\t\t\t\t<\/div>\n\t\t\t\t<div class=\"elementor-element elementor-element-74eae69 elementor-widget elementor-widget-spacer\" data-id=\"74eae69\" data-element_type=\"widget\" data-e-type=\"widget\" data-widget_type=\"spacer.default\">\n\t\t\t\t<div class=\"elementor-widget-container\">\n\t\t\t\t\t\t\t<div class=\"elementor-spacer\">\n\t\t\t<div class=\"elementor-spacer-inner\"><\/div>\n\t\t<\/div>\n\t\t\t\t\t\t<\/div>\n\t\t\t\t<\/div>\n\t\t\t\t<div class=\"elementor-element elementor-element-43db8f4a elementor-widget elementor-widget-heading\" data-id=\"43db8f4a\" data-element_type=\"widget\" data-e-type=\"widget\" data-widget_type=\"heading.default\">\n\t\t\t\t<div class=\"elementor-widget-container\">\n\t\t\t\t\t<h3 class=\"elementor-heading-title elementor-size-default\">Sea parte de una comunidad joven y vibrante<\/h3>\t\t\t\t<\/div>\n\t\t\t\t<\/div>\n\t\t\t\t<div class=\"elementor-element elementor-element-2aa437e elementor-widget elementor-widget-text-editor\" data-id=\"2aa437e\" data-element_type=\"widget\" data-e-type=\"widget\" data-widget_type=\"text-editor.default\">\n\t\t\t\t<div class=\"elementor-widget-container\">\n\t\t\t\t\t\t\t\t\t<p>Hacer nuevos amigos puede ser un reto, especialmente cuando vas a tener que comunicarte con personas de muchas culturas y or\u00edgenes diferentes.<\/p>\n<p>Erasmus Study Program y Erasmus+ son conocidos por amistades y aventuras inesperadas que alg\u00fan d\u00eda ser\u00e1n algunos de tus recuerdos m\u00e1s valiosos, as\u00ed que haz que cuente, con las personas adecuadas y en el lugar correcto.<\/p>\n<p>Student Room Flat ha estado trabajando duro para construir una gran comunidad de estudiantes y j\u00f3venes profesionales que cada a\u00f1o deciden utilizar nuestra plataforma para encontrar el mejor y m\u00e1s seguro alojamiento para estudiantes del mercado. Al quedarse con nosotros usted tambi\u00e9n puede convertirse en parte de una gran familia internacional que le espera con los brazos abiertos y las mentes abiertas!<\/p>\t\t\t\t\t\t\t\t<\/div>\n\t\t\t\t<\/div>\n\t\t\t\t<div class=\"elementor-element elementor-element-57ddeff7 elementor-widget elementor-widget-heading\" data-id=\"57ddeff7\" data-element_type=\"widget\" data-e-type=\"widget\" data-widget_type=\"heading.default\">\n\t\t\t\t<div class=\"elementor-widget-container\">\n\t\t\t\t\t<p class=\"elementor-heading-title elementor-size-default\">\u00bfEst\u00e1s buscando un lugar? Te encontraremos un hogar \n<\/p>\t\t\t\t<\/div>\n\t\t\t\t<\/div>\n\t\t\t\t<div class=\"elementor-element elementor-element-36bbb40 elementor-widget elementor-widget-heading\" data-id=\"36bbb40\" data-element_type=\"widget\" data-e-type=\"widget\" data-widget_type=\"heading.default\">\n\t\t\t\t<div class=\"elementor-widget-container\">\n\t\t\t\t\t<p class=\"elementor-heading-title elementor-size-default\">\u00bfBuscas compa\u00f1eros de piso? Te encontraremos a tus mejores amigos.<\/p>\t\t\t\t<\/div>\n\t\t\t\t<\/div>\n\t\t\t\t\t<\/div>\n\t\t<\/div>\n\t\t\t\t\t<\/div>\n\t\t<\/section>\n\t\t\t\t<\/div>\n\t\t","protected":false},"excerpt":{"rendered":"<p>Alojamiento Erasmus en el extranjero. Encuentra la habitaci\u00f3n perfecta Alojamiento Erasmus La idea de vivir en el extranjero durante un semestre o un a\u00f1o completo suena emocionante y al mismo tiempo podr\u00eda ser aterrador! Veamos c\u00f3mo encontrar alojamiento para Erasmus o estudiantes internacionales en el extranjero. Descubrir ubicaciones Hoteles Erasmus en el extranjero Estudiar y [&hellip;]<\/p>\n","protected":false},"author":1,"featured_media":2937,"parent":0,"menu_order":0,"comment_status":"closed","ping_status":"closed","template":"","meta":{"_acf_changed":false,"footnotes":""},"folder":[],"class_list":["post-2677","page","type-page","status-publish","has-post-thumbnail","hentry"],"acf":[],"_links":{"self":[{"href":"https:\/\/student-room-flat.com\/es\/wp-json\/wp\/v2\/pages\/2677","targetHints":{"allow":["GET"]}}],"collection":[{"href":"https:\/\/student-room-flat.com\/es\/wp-json\/wp\/v2\/pages"}],"about":[{"href":"https:\/\/student-room-flat.com\/es\/wp-json\/wp\/v2\/types\/page"}],"author":[{"embeddable":true,"href":"https:\/\/student-room-flat.com\/es\/wp-json\/wp\/v2\/users\/1"}],"replies":[{"embeddable":true,"href":"https:\/\/student-room-flat.com\/es\/wp-json\/wp\/v2\/comments?post=2677"}],"version-history":[{"count":2,"href":"https:\/\/student-room-flat.com\/es\/wp-json\/wp\/v2\/pages\/2677\/revisions"}],"predecessor-version":[{"id":26260,"href":"https:\/\/student-room-flat.com\/es\/wp-json\/wp\/v2\/pages\/2677\/revisions\/26260"}],"wp:featuredmedia":[{"embeddable":true,"href":"https:\/\/student-room-flat.com\/es\/wp-json\/wp\/v2\/media\/2937"}],"wp:attachment":[{"href":"https:\/\/student-room-flat.com\/es\/wp-json\/wp\/v2\/media?parent=2677"}],"wp:term":[{"taxonomy":"folder","embeddable":true,"href":"https:\/\/student-room-flat.com\/es\/wp-json\/wp\/v2\/folder?post=2677"}],"curies":[{"name":"wp","href":"https:\/\/api.w.org\/{rel}","templated":true}]}}