{"id":2672,"date":"2020-01-22T10:44:27","date_gmt":"2020-01-22T10:44:27","guid":{"rendered":"http:\/\/student-room-flat.com\/?page_id=2672"},"modified":"2023-10-25T12:54:23","modified_gmt":"2023-10-25T12:54:23","slug":"hebergement-erasmus","status":"publish","type":"page","link":"https:\/\/student-room-flat.com\/fr\/hebergement-erasmus\/","title":{"rendered":"H\u00e9bergement Erasmus"},"content":{"rendered":"\t\t<div data-elementor-type=\"wp-page\" data-elementor-id=\"2672\" class=\"elementor elementor-2672 elementor-1150\" data-elementor-post-type=\"page\">\n\t\t\t\t\t\t<section class=\"elementor-section elementor-top-section elementor-element elementor-element-1bf5fe34 elementor-section-content-middle elementor-section-boxed elementor-section-height-default elementor-section-height-default\" data-id=\"1bf5fe34\" data-element_type=\"section\" data-e-type=\"section\" data-settings=\"{&quot;background_background&quot;:&quot;classic&quot;}\">\n\t\t\t\t\t\t\t<div class=\"elementor-background-overlay\"><\/div>\n\t\t\t\t\t\t\t<div class=\"elementor-container elementor-column-gap-wider\">\n\t\t\t\t\t<div class=\"elementor-column elementor-col-100 elementor-top-column elementor-element elementor-element-6acb9e8\" data-id=\"6acb9e8\" data-element_type=\"column\" data-e-type=\"column\">\n\t\t\t<div class=\"elementor-widget-wrap elementor-element-populated\">\n\t\t\t\t\t<div class=\"elementor-background-overlay\"><\/div>\n\t\t\t\t\t\t<section class=\"elementor-section elementor-inner-section elementor-element elementor-element-7b5b074 elementor-section-boxed elementor-section-height-default elementor-section-height-default\" data-id=\"7b5b074\" data-element_type=\"section\" data-e-type=\"section\">\n\t\t\t\t\t\t<div class=\"elementor-container elementor-column-gap-default\">\n\t\t\t\t\t<div class=\"elementor-column elementor-col-100 elementor-inner-column elementor-element elementor-element-199879a2\" data-id=\"199879a2\" data-element_type=\"column\" data-e-type=\"column\">\n\t\t\t<div class=\"elementor-widget-wrap elementor-element-populated\">\n\t\t\t\t\t\t<div class=\"elementor-element elementor-element-6e2fe1b2 elementor-widget elementor-widget-heading\" data-id=\"6e2fe1b2\" data-element_type=\"widget\" data-e-type=\"widget\" data-widget_type=\"heading.default\">\n\t\t\t\t<div class=\"elementor-widget-container\">\n\t\t\t\t\t<h1 class=\"elementor-heading-title elementor-size-default\">H\u00e9bergement Erasmus \u00e0 l'\u00e9tranger. Trouvez la chambre parfaite<\/h1>\t\t\t\t<\/div>\n\t\t\t\t<\/div>\n\t\t\t\t<div class=\"elementor-element elementor-element-379754b0 elementor-widget elementor-widget-heading\" data-id=\"379754b0\" data-element_type=\"widget\" data-e-type=\"widget\" data-widget_type=\"heading.default\">\n\t\t\t\t<div class=\"elementor-widget-container\">\n\t\t\t\t\t<h2 class=\"elementor-heading-title elementor-size-default\">H\u00e9bergement Erasmus<\/h2>\t\t\t\t<\/div>\n\t\t\t\t<\/div>\n\t\t\t\t<div class=\"elementor-element elementor-element-3a86bb12 elementor-widget elementor-widget-text-editor\" data-id=\"3a86bb12\" data-element_type=\"widget\" data-e-type=\"widget\" data-widget_type=\"text-editor.default\">\n\t\t\t\t<div class=\"elementor-widget-container\">\n\t\t\t\t\t\t\t\t\t<p>L&rsquo;id\u00e9e de vivre \u00e0 l&rsquo;\u00e9tranger pendant un semestre ou une ann\u00e9e compl\u00e8te semble excitante et en m\u00eame temps pourrait \u00eatre effrayant! Voyons comment il est possible de trouver un logement pour les \u00e9tudiants Erasmus ou internationaux \u00e0 l&rsquo;\u00e9tranger.<\/p>\n\t\t\t\t\t\t\t\t<\/div>\n\t\t\t\t<\/div>\n\t\t\t\t\t<\/div>\n\t\t<\/div>\n\t\t\t\t\t<\/div>\n\t\t<\/section>\n\t\t\t\t<section class=\"elementor-section elementor-inner-section elementor-element elementor-element-314857b8 elementor-section-boxed elementor-section-height-default elementor-section-height-default\" data-id=\"314857b8\" data-element_type=\"section\" data-e-type=\"section\">\n\t\t\t\t\t\t<div class=\"elementor-container elementor-column-gap-default\">\n\t\t\t\t\t<div class=\"elementor-column elementor-col-100 elementor-inner-column elementor-element elementor-element-11ba7826\" data-id=\"11ba7826\" data-element_type=\"column\" data-e-type=\"column\">\n\t\t\t<div class=\"elementor-widget-wrap elementor-element-populated\">\n\t\t\t\t\t\t<div class=\"elementor-element elementor-element-5f9c7aa9 elementor-align-center elementor-mobile-align-justify elementor-widget elementor-widget-button\" data-id=\"5f9c7aa9\" data-element_type=\"widget\" data-e-type=\"widget\" data-widget_type=\"button.default\">\n\t\t\t\t<div class=\"elementor-widget-container\">\n\t\t\t\t\t\t\t\t\t<div class=\"elementor-button-wrapper\">\n\t\t\t\t\t<a class=\"elementor-button elementor-button-link elementor-size-md elementor-animation-float\" href=\"#locations\">\n\t\t\t\t\t\t<span class=\"elementor-button-content-wrapper\">\n\t\t\t\t\t\t\t\t\t<span class=\"elementor-button-text\">D\u00e9couvrez les lieux<\/span>\n\t\t\t\t\t<\/span>\n\t\t\t\t\t<\/a>\n\t\t\t\t<\/div>\n\t\t\t\t\t\t\t\t<\/div>\n\t\t\t\t<\/div>\n\t\t\t\t\t<\/div>\n\t\t<\/div>\n\t\t\t\t\t<\/div>\n\t\t<\/section>\n\t\t\t\t\t<\/div>\n\t\t<\/div>\n\t\t\t\t\t<\/div>\n\t\t<\/section>\n\t\t\t\t<section class=\"elementor-section elementor-top-section elementor-element elementor-element-36cd7931 elementor-section-content-middle elementor-section-boxed elementor-section-height-default elementor-section-height-default\" data-id=\"36cd7931\" data-element_type=\"section\" data-e-type=\"section\" id=\"what-is\">\n\t\t\t\t\t\t<div class=\"elementor-container elementor-column-gap-no\">\n\t\t\t\t\t<div class=\"elementor-column elementor-col-100 elementor-top-column elementor-element elementor-element-30c6652c\" data-id=\"30c6652c\" data-element_type=\"column\" data-e-type=\"column\">\n\t\t\t<div class=\"elementor-widget-wrap elementor-element-populated\">\n\t\t\t\t\t\t<div class=\"elementor-element elementor-element-72f6837f elementor-widget elementor-widget-heading\" data-id=\"72f6837f\" data-element_type=\"widget\" data-e-type=\"widget\" data-widget_type=\"heading.default\">\n\t\t\t\t<div class=\"elementor-widget-container\">\n\t\t\t\t\t<h2 class=\"elementor-heading-title elementor-size-default\">H\u00e9bergement Erasmus \u00e0 l'\u00e9tranger<\/h2>\t\t\t\t<\/div>\n\t\t\t\t<\/div>\n\t\t\t\t<div class=\"elementor-element elementor-element-db94c67 elementor-widget elementor-widget-text-editor\" data-id=\"db94c67\" data-element_type=\"widget\" data-e-type=\"widget\" data-widget_type=\"text-editor.default\">\n\t\t\t\t<div class=\"elementor-widget-container\">\n\t\t\t\t\t\t\t\t\t<p>\u00c9tudier et vivre \u00e0 l&rsquo;\u00e9tranger est une excellente id\u00e9e pour am\u00e9liorer ton cursus et pour ton d\u00e9veloppement personnel, mais laisser ton logement \u00e0 la derni\u00e8re minute peut se r\u00e9v\u00e9ler un v\u00e9ritable cauchemar. Pense que ton logement sera la base de toute ton exp\u00e9rience, avec la possibilit\u00e9 de le booster ou de le r\u00e9duire.<\/p>\n<p>C&rsquo;est pourquoi nous te conseillons de viser une exp\u00e9rience plus grande que la simple colocation \u00e0 l&rsquo;\u00e9tranger et bas\u00e9e sur une recherche pr\u00e9coce ! Au lieu de cela, recherchez une exp\u00e9rience unique de partage plat o\u00f9 vous pouvez appartenir \u00e0 une communaut\u00e9 et apprendre de nouvelles qualifications du confort de votre propre endroit.<\/p>\n<p>Comme tu le sais, de nombreux d\u00e9tails doivent \u00eatre pris en consid\u00e9ration lors du choix de ton logement \u00e0 l&rsquo;\u00e9tranger, mais pour rendre les choses un peu plus simples, nous avons d\u00e9cid\u00e9 de les diviser en trois sujets principaux qui peuvent t&rsquo;aider \u00e0 guider ta recherche et ta s\u00e9lection d&rsquo;un appartement. Regardez!<\/p>\n\t\t\t\t\t\t\t\t<\/div>\n\t\t\t\t<\/div>\n\t\t\t\t<section class=\"elementor-section elementor-inner-section elementor-element elementor-element-8f94c87 elementor-section-boxed elementor-section-height-default elementor-section-height-default\" data-id=\"8f94c87\" data-element_type=\"section\" data-e-type=\"section\" id=\"locations\">\n\t\t\t\t\t\t<div class=\"elementor-container elementor-column-gap-default\">\n\t\t\t\t\t<div class=\"elementor-column elementor-col-50 elementor-inner-column elementor-element elementor-element-35fa88d\" data-id=\"35fa88d\" data-element_type=\"column\" data-e-type=\"column\">\n\t\t\t<div class=\"elementor-widget-wrap elementor-element-populated\">\n\t\t\t\t\t\t<div class=\"elementor-element elementor-element-d9f1ab0 elementor-cta--skin-cover elementor-animated-content elementor-bg-transform elementor-bg-transform-zoom-in elementor-widget elementor-widget-call-to-action\" data-id=\"d9f1ab0\" data-element_type=\"widget\" data-e-type=\"widget\" data-widget_type=\"call-to-action.default\">\n\t\t\t\t<div class=\"elementor-widget-container\">\n\t\t\t\t\t\t\t<a class=\"elementor-cta\" href=\"https:\/\/student-room-flat.com\/fr\/\">\n\t\t\t\t\t<div class=\"elementor-cta__bg-wrapper\">\n\t\t\t\t<div class=\"elementor-cta__bg elementor-bg\" style=\"background-image: url(https:\/\/student-room-flat.com\/wp-content\/uploads\/2020\/02\/dmitry-goykolov-X8Vo9rGVPS8-unsplash-768x512.jpg);\" role=\"img\" aria-label=\"Popular Neighbourhoods in Pargue\"><\/div>\n\t\t\t\t<div class=\"elementor-cta__bg-overlay\"><\/div>\n\t\t\t<\/div>\n\t\t\t\t\t\t\t<div class=\"elementor-cta__content\">\n\t\t\t\t\n\t\t\t\t\t\t\t\t\t<h2 class=\"elementor-cta__title elementor-cta__content-item elementor-content-item elementor-animated-item--grow\">\n\t\t\t\t\t\tH\u00e9bergement Erasmus \u00e0 Prague\t\t\t\t\t<\/h2>\n\t\t\t\t\n\t\t\t\t\n\t\t\t\t\t\t\t\t\t<div class=\"elementor-cta__button-wrapper elementor-cta__content-item elementor-content-item elementor-animated-item--grow\">\n\t\t\t\t\t<span class=\"elementor-cta__button elementor-button elementor-size-\">\n\t\t\t\t\t\tExplorer les chambres \u00e0 Prague\t\t\t\t\t<\/span>\n\t\t\t\t\t<\/div>\n\t\t\t\t\t\t\t<\/div>\n\t\t\t\t\t\t<\/a>\n\t\t\t\t\t\t<\/div>\n\t\t\t\t<\/div>\n\t\t\t\t\t<\/div>\n\t\t<\/div>\n\t\t\t\t<div class=\"elementor-column elementor-col-50 elementor-inner-column elementor-element elementor-element-fdb680a\" data-id=\"fdb680a\" data-element_type=\"column\" data-e-type=\"column\">\n\t\t\t<div class=\"elementor-widget-wrap elementor-element-populated\">\n\t\t\t\t\t\t<div class=\"elementor-element elementor-element-a028e6d elementor-cta--skin-cover elementor-animated-content elementor-bg-transform elementor-bg-transform-zoom-in elementor-widget elementor-widget-call-to-action\" data-id=\"a028e6d\" data-element_type=\"widget\" data-e-type=\"widget\" data-widget_type=\"call-to-action.default\">\n\t\t\t\t<div class=\"elementor-widget-container\">\n\t\t\t\t\t\t\t<a class=\"elementor-cta\" href=\"https:\/\/student-room-flat.com\/porto-accommodation\/\">\n\t\t\t\t\t<div class=\"elementor-cta__bg-wrapper\">\n\t\t\t\t<div class=\"elementor-cta__bg elementor-bg\" style=\"background-image: url(https:\/\/student-room-flat.com\/wp-content\/uploads\/2020\/06\/67416499_869245726765030_2157301496562057216_n-1-768x512.jpg);\" role=\"img\" aria-label=\"67416499_869245726765030_2157301496562057216_n-1.jpg\"><\/div>\n\t\t\t\t<div class=\"elementor-cta__bg-overlay\"><\/div>\n\t\t\t<\/div>\n\t\t\t\t\t\t\t<div class=\"elementor-cta__content\">\n\t\t\t\t\n\t\t\t\t\t\t\t\t\t<h2 class=\"elementor-cta__title elementor-cta__content-item elementor-content-item elementor-animated-item--grow\">\n\t\t\t\t\t\tH\u00e9bergement Erasmus \u00e0 Porto\t\t\t\t\t<\/h2>\n\t\t\t\t\n\t\t\t\t\n\t\t\t\t\t\t\t\t\t<div class=\"elementor-cta__button-wrapper elementor-cta__content-item elementor-content-item elementor-animated-item--grow\">\n\t\t\t\t\t<span class=\"elementor-cta__button elementor-button elementor-size-\">\n\t\t\t\t\t\tExplorer les chambres \u00e0 Porto\t\t\t\t\t<\/span>\n\t\t\t\t\t<\/div>\n\t\t\t\t\t\t\t<\/div>\n\t\t\t\t\t\t<\/a>\n\t\t\t\t\t\t<\/div>\n\t\t\t\t<\/div>\n\t\t\t\t\t<\/div>\n\t\t<\/div>\n\t\t\t\t\t<\/div>\n\t\t<\/section>\n\t\t\t\t<section class=\"elementor-section elementor-inner-section elementor-element elementor-element-5de0485 elementor-section-boxed elementor-section-height-default elementor-section-height-default\" data-id=\"5de0485\" data-element_type=\"section\" data-e-type=\"section\">\n\t\t\t\t\t\t<div class=\"elementor-container elementor-column-gap-default\">\n\t\t\t\t\t<div class=\"elementor-column elementor-col-50 elementor-inner-column elementor-element elementor-element-1c70e4f\" data-id=\"1c70e4f\" data-element_type=\"column\" data-e-type=\"column\">\n\t\t\t<div class=\"elementor-widget-wrap elementor-element-populated\">\n\t\t\t\t\t\t<div class=\"elementor-element elementor-element-d6e2168 elementor-cta--skin-cover elementor-animated-content elementor-bg-transform elementor-bg-transform-zoom-in elementor-widget elementor-widget-call-to-action\" data-id=\"d6e2168\" data-element_type=\"widget\" data-e-type=\"widget\" data-widget_type=\"call-to-action.default\">\n\t\t\t\t<div class=\"elementor-widget-container\">\n\t\t\t\t\t\t\t<a class=\"elementor-cta\" href=\"https:\/\/student-room-flat.com\/pilsen-accommodation\/\">\n\t\t\t\t\t<div class=\"elementor-cta__bg-wrapper\">\n\t\t\t\t<div class=\"elementor-cta__bg elementor-bg\" style=\"background-image: url(https:\/\/student-room-flat.com\/wp-content\/uploads\/2020\/06\/image.ashx_.jpg);\" role=\"img\" aria-label=\"pilsen accommodation\"><\/div>\n\t\t\t\t<div class=\"elementor-cta__bg-overlay\"><\/div>\n\t\t\t<\/div>\n\t\t\t\t\t\t\t<div class=\"elementor-cta__content\">\n\t\t\t\t\n\t\t\t\t\t\t\t\t\t<h2 class=\"elementor-cta__title elementor-cta__content-item elementor-content-item elementor-animated-item--grow\">\n\t\t\t\t\t\tH\u00e9bergement Erasmus \u00e0 Pilsen\t\t\t\t\t<\/h2>\n\t\t\t\t\n\t\t\t\t\n\t\t\t\t\t\t\t\t\t<div class=\"elementor-cta__button-wrapper elementor-cta__content-item elementor-content-item elementor-animated-item--grow\">\n\t\t\t\t\t<span class=\"elementor-cta__button elementor-button elementor-size-\">\n\t\t\t\t\t\tExplorer les chambres \u00e0 Pilsen\t\t\t\t\t<\/span>\n\t\t\t\t\t<\/div>\n\t\t\t\t\t\t\t<\/div>\n\t\t\t\t\t\t<\/a>\n\t\t\t\t\t\t<\/div>\n\t\t\t\t<\/div>\n\t\t\t\t\t<\/div>\n\t\t<\/div>\n\t\t\t\t<div class=\"elementor-column elementor-col-50 elementor-inner-column elementor-element elementor-element-36afe48\" data-id=\"36afe48\" data-element_type=\"column\" data-e-type=\"column\">\n\t\t\t<div class=\"elementor-widget-wrap elementor-element-populated\">\n\t\t\t\t\t\t<div class=\"elementor-element elementor-element-a57ed3c elementor-cta--skin-cover elementor-animated-content elementor-bg-transform elementor-bg-transform-zoom-in elementor-widget elementor-widget-call-to-action\" data-id=\"a57ed3c\" data-element_type=\"widget\" data-e-type=\"widget\" data-widget_type=\"call-to-action.default\">\n\t\t\t\t<div class=\"elementor-widget-container\">\n\t\t\t\t\t\t\t<a class=\"elementor-cta\" href=\"#\">\n\t\t\t\t\t<div class=\"elementor-cta__bg-wrapper\">\n\t\t\t\t<div class=\"elementor-cta__bg elementor-bg\" style=\"background-image: url(https:\/\/student-room-flat.com\/wp-content\/uploads\/2020\/06\/chris-karidis-nnzkZNYWHaU-unsplash1-768x511.jpg);\" role=\"img\" aria-label=\"paris student erasmus accommodation\"><\/div>\n\t\t\t\t<div class=\"elementor-cta__bg-overlay\"><\/div>\n\t\t\t<\/div>\n\t\t\t\t\t\t\t<div class=\"elementor-cta__content\">\n\t\t\t\t\n\t\t\t\t\t\t\t\t\t<h2 class=\"elementor-cta__title elementor-cta__content-item elementor-content-item elementor-animated-item--grow\">\n\t\t\t\t\t\tH\u00e9bergement Erasmus \u00e0 Paris\t\t\t\t\t<\/h2>\n\t\t\t\t\n\t\t\t\t\n\t\t\t\t\t\t\t\t\t<div class=\"elementor-cta__button-wrapper elementor-cta__content-item elementor-content-item elementor-animated-item--grow\">\n\t\t\t\t\t<span class=\"elementor-cta__button elementor-button elementor-size-\">\n\t\t\t\t\t\tExplorer les chambres \u00e0 Paris\t\t\t\t\t<\/span>\n\t\t\t\t\t<\/div>\n\t\t\t\t\t\t\t<\/div>\n\t\t\t\t\t\t\t<div class=\"elementor-ribbon\">\n\t\t\t\t<div class=\"elementor-ribbon-inner\">\n\t\t\t\t\touverture prochaine\t\t\t\t<\/div>\n\t\t\t<\/div>\n\t\t\t\t<\/a>\n\t\t\t\t\t\t<\/div>\n\t\t\t\t<\/div>\n\t\t\t\t\t<\/div>\n\t\t<\/div>\n\t\t\t\t\t<\/div>\n\t\t<\/section>\n\t\t\t\t<div class=\"elementor-element elementor-element-37cf5433 elementor-widget elementor-widget-heading\" data-id=\"37cf5433\" data-element_type=\"widget\" data-e-type=\"widget\" data-widget_type=\"heading.default\">\n\t\t\t\t<div class=\"elementor-widget-container\">\n\t\t\t\t\t<h2 class=\"elementor-heading-title elementor-size-default\">R\u00e9servez votre chambre \u00e0 l'\u00e9tranger sans surprises<\/h2>\t\t\t\t<\/div>\n\t\t\t\t<\/div>\n\t\t\t\t<div class=\"elementor-element elementor-element-7346a526 elementor-widget elementor-widget-text-editor\" data-id=\"7346a526\" data-element_type=\"widget\" data-e-type=\"widget\" data-widget_type=\"text-editor.default\">\n\t\t\t\t<div class=\"elementor-widget-container\">\n\t\t\t\t\t\t\t\t\t<p>\u00ab\u00a0Mieux vaut pr\u00e9venir que gu\u00e9rir\u00a0\u00bb, comme votre m\u00e8re vous l&rsquo;a probablement dit \u00e0 plusieurs reprises ! Lorsqu&rsquo;il s&rsquo;agit de ton logement \u00e0 l&rsquo;\u00e9tranger, ne laisse pas les choses se faire \u00e0 la derni\u00e8re minute. Cette d\u00e9cision ne doit pas \u00eatre prise \u00e0 la l\u00e9g\u00e8re et dans la pr\u00e9cipitation car ton logement peut dicter ta qualit\u00e9 de vie pendant ton aventure Erasmus.<\/p>\n<p>Passer du temps \u00e0 s&rsquo;inqui\u00e9ter des factures, les propri\u00e9taires insensibles et les colocataires irrespectueux peuvent mettre en p\u00e9ril votre exp\u00e9rience \u00e0 l&rsquo;\u00e9tranger. Sans compter que les histoires d&rsquo;escroqueries et d&rsquo;arnaques sont devenues de plus en plus habituelles parmi les affaires des maisons pour des \u00e9tudiants \u00e0 l&rsquo;\u00e9tranger. Pour cette raison, faites attention aux modes de paiement et aux informations demand\u00e9es avant votre r\u00e9servation et paiement. Il est pr\u00e9f\u00e9rable de payer pour la qualit\u00e9 assur\u00e9e et la s\u00e9curit\u00e9 au lieu de risquer de perdre de l&rsquo;argent et du temps!<\/p>\n<p>Concentre-toi sur la recherche d&rsquo;un logement s\u00fbr avec une communaut\u00e9 bien construite qui te soutiendra et te recevra dans ce nouveau chapitre dans une ville \u00e9trang\u00e8re.<\/p>\n\t\t\t\t\t\t\t\t<\/div>\n\t\t\t\t<\/div>\n\t\t\t\t<div class=\"elementor-element elementor-element-9ddf1f3 elementor-widget elementor-widget-spacer\" data-id=\"9ddf1f3\" data-element_type=\"widget\" data-e-type=\"widget\" data-widget_type=\"spacer.default\">\n\t\t\t\t<div class=\"elementor-widget-container\">\n\t\t\t\t\t\t\t<div class=\"elementor-spacer\">\n\t\t\t<div class=\"elementor-spacer-inner\"><\/div>\n\t\t<\/div>\n\t\t\t\t\t\t<\/div>\n\t\t\t\t<\/div>\n\t\t\t\t<div class=\"elementor-element elementor-element-64ebfba elementor-widget elementor-widget-heading\" data-id=\"64ebfba\" data-element_type=\"widget\" data-e-type=\"widget\" data-widget_type=\"heading.default\">\n\t\t\t\t<div class=\"elementor-widget-container\">\n\t\t\t\t\t<h3 class=\"elementor-heading-title elementor-size-default\">Gardez votre vie priv\u00e9e, mais ne vous sentez pas seul<\/h3>\t\t\t\t<\/div>\n\t\t\t\t<\/div>\n\t\t\t\t<div class=\"elementor-element elementor-element-2a9ffcd elementor-widget elementor-widget-text-editor\" data-id=\"2a9ffcd\" data-element_type=\"widget\" data-e-type=\"widget\" data-widget_type=\"text-editor.default\">\n\t\t\t\t<div class=\"elementor-widget-container\">\n\t\t\t\t\t\t\t\t\t<p>Un logement s\u00fbr \u00e0 l&rsquo;universit\u00e9 ou dans un dortoir peut te traverser l&rsquo;esprit comme une option tentante pour rester pendant ton programme d&rsquo;\u00e9change Erasmus, cependant cela peut \u00eatre une d\u00e9cision d\u00e9licate \u00e0 prendre.<\/p>\n<p>De nombreux dortoirs d\u00e9cident de stocker leurs \u00e9tudiants dans de petites chambres partag\u00e9es les obligeant \u00e0 renoncer \u00e0 leur espace personnel afin de payer un prix inf\u00e9rieur pendant leur s\u00e9jour \u00e0 l&rsquo;\u00e9tranger. Bien s\u00fbr, que vous \u00eates venu \u00e0 votre programme Erasmus avec l&rsquo;intention de rencontrer de nouvelles personnes, mais cela ne signifie pas que vous devez sacrifier votre vie priv\u00e9e.<\/p>\n<p><strong>\u00c0 Student Room Flat, nous suivons l&rsquo;id\u00e9e de \u00ab\u00a0seul mais jamais solitaire\u00a0\u00bb<\/strong>. Tu as acc\u00e8s \u00e0 une chambre rien que pour toi dans une colocation, en obtenant de garder ton espace personnel dans un logement partag\u00e9. C&rsquo;est \u00e0 toi de choisir entre un logement partag\u00e9 ou un logement priv\u00e9, sachant que dans les deux cas, ton espace personnel sera toujours respect\u00e9.<\/p>\n<p>En tout cas, si tu cherches une exp\u00e9rience plus particuli\u00e8re ou individuelle, un studio d&rsquo;\u00e9tudiant peut \u00eatre l&rsquo;option parfaite, laissant la confraternisation quotidienne pour l&rsquo;ext\u00e9rieur de ton lieu de vie (foyer d&rsquo;\u00e9tudiant)m.<\/p>\n\t\t\t\t\t\t\t\t<\/div>\n\t\t\t\t<\/div>\n\t\t\t\t<div class=\"elementor-element elementor-element-74eae69 elementor-widget elementor-widget-spacer\" data-id=\"74eae69\" data-element_type=\"widget\" data-e-type=\"widget\" data-widget_type=\"spacer.default\">\n\t\t\t\t<div class=\"elementor-widget-container\">\n\t\t\t\t\t\t\t<div class=\"elementor-spacer\">\n\t\t\t<div class=\"elementor-spacer-inner\"><\/div>\n\t\t<\/div>\n\t\t\t\t\t\t<\/div>\n\t\t\t\t<\/div>\n\t\t\t\t<div class=\"elementor-element elementor-element-43db8f4a elementor-widget elementor-widget-heading\" data-id=\"43db8f4a\" data-element_type=\"widget\" data-e-type=\"widget\" data-widget_type=\"heading.default\">\n\t\t\t\t<div class=\"elementor-widget-container\">\n\t\t\t\t\t<h3 class=\"elementor-heading-title elementor-size-default\">Faire partie d'une communaut\u00e9 jeune et dynamique<\/h3>\t\t\t\t<\/div>\n\t\t\t\t<\/div>\n\t\t\t\t<div class=\"elementor-element elementor-element-2aa437e elementor-widget elementor-widget-text-editor\" data-id=\"2aa437e\" data-element_type=\"widget\" data-e-type=\"widget\" data-widget_type=\"text-editor.default\">\n\t\t\t\t<div class=\"elementor-widget-container\">\n\t\t\t\t\t\t\t\t\t<p>Se faire de nouveaux amis peut \u00eatre difficile, surtout quand vous allez avoir \u00e0 communiquer avec des gens de diff\u00e9rentes cultures et milieux.<\/p>\n<p>Le programme d&rsquo;\u00e9tudes Erasmus et ErasmusMD sont connus pour leurs amiti\u00e9s et aventures inattendues qui seront un jour parmi vos souvenirs les plus valubiles, alors faites en sorte qu&rsquo;il compte, avec les bonnes personnes et au bon endroit.<\/p>\n<p>Student Room Flat a travaill\u00e9 dur pour construire une grande communaut\u00e9 d&rsquo;\u00e9tudiants et de jeunes professionnels qui, chaque ann\u00e9e, d\u00e9cident d&rsquo;utiliser notre plateforme afin de trouver le meilleur et le plus s\u00fbr logement \u00e9tudiant du march\u00e9. En restant avec nous, vous aussi pouvez faire partie d&rsquo;une grande famille internationale qui vous attend \u00e0 bras ouverts et \u00e0 l&rsquo;esprit ouvert!<\/p>\t\t\t\t\t\t\t\t<\/div>\n\t\t\t\t<\/div>\n\t\t\t\t<div class=\"elementor-element elementor-element-57ddeff7 elementor-widget elementor-widget-heading\" data-id=\"57ddeff7\" data-element_type=\"widget\" data-e-type=\"widget\" data-widget_type=\"heading.default\">\n\t\t\t\t<div class=\"elementor-widget-container\">\n\t\t\t\t\t<p class=\"elementor-heading-title elementor-size-default\">Vous cherchez un endroit ? Nous vous trouverons une maison \n<\/p>\t\t\t\t<\/div>\n\t\t\t\t<\/div>\n\t\t\t\t<div class=\"elementor-element elementor-element-36bbb40 elementor-widget elementor-widget-heading\" data-id=\"36bbb40\" data-element_type=\"widget\" data-e-type=\"widget\" data-widget_type=\"heading.default\">\n\t\t\t\t<div class=\"elementor-widget-container\">\n\t\t\t\t\t<p class=\"elementor-heading-title elementor-size-default\">Vous cherchez des colocataires ? Nous vous trouverons vos meilleurs potes.<\/p>\t\t\t\t<\/div>\n\t\t\t\t<\/div>\n\t\t\t\t\t<\/div>\n\t\t<\/div>\n\t\t\t\t\t<\/div>\n\t\t<\/section>\n\t\t\t\t<\/div>\n\t\t","protected":false},"excerpt":{"rendered":"<p>H\u00e9bergement Erasmus \u00e0 l&rsquo;\u00e9tranger. Trouvez la chambre parfaite H\u00e9bergement Erasmus L&rsquo;id\u00e9e de vivre \u00e0 l&rsquo;\u00e9tranger pendant un semestre ou une ann\u00e9e compl\u00e8te semble excitante et en m\u00eame temps pourrait \u00eatre effrayant! Voyons comment il est possible de trouver un logement pour les \u00e9tudiants Erasmus ou internationaux \u00e0 l&rsquo;\u00e9tranger. D\u00e9couvrez les lieux H\u00e9bergement Erasmus \u00e0 l&rsquo;\u00e9tranger [&hellip;]<\/p>\n","protected":false},"author":1,"featured_media":2934,"parent":0,"menu_order":0,"comment_status":"closed","ping_status":"closed","template":"","meta":{"_acf_changed":false,"footnotes":""},"folder":[],"class_list":["post-2672","page","type-page","status-publish","has-post-thumbnail","hentry"],"acf":[],"_links":{"self":[{"href":"https:\/\/student-room-flat.com\/fr\/wp-json\/wp\/v2\/pages\/2672","targetHints":{"allow":["GET"]}}],"collection":[{"href":"https:\/\/student-room-flat.com\/fr\/wp-json\/wp\/v2\/pages"}],"about":[{"href":"https:\/\/student-room-flat.com\/fr\/wp-json\/wp\/v2\/types\/page"}],"author":[{"embeddable":true,"href":"https:\/\/student-room-flat.com\/fr\/wp-json\/wp\/v2\/users\/1"}],"replies":[{"embeddable":true,"href":"https:\/\/student-room-flat.com\/fr\/wp-json\/wp\/v2\/comments?post=2672"}],"version-history":[{"count":2,"href":"https:\/\/student-room-flat.com\/fr\/wp-json\/wp\/v2\/pages\/2672\/revisions"}],"predecessor-version":[{"id":26559,"href":"https:\/\/student-room-flat.com\/fr\/wp-json\/wp\/v2\/pages\/2672\/revisions\/26559"}],"wp:featuredmedia":[{"embeddable":true,"href":"https:\/\/student-room-flat.com\/fr\/wp-json\/wp\/v2\/media\/2934"}],"wp:attachment":[{"href":"https:\/\/student-room-flat.com\/fr\/wp-json\/wp\/v2\/media?parent=2672"}],"wp:term":[{"taxonomy":"folder","embeddable":true,"href":"https:\/\/student-room-flat.com\/fr\/wp-json\/wp\/v2\/folder?post=2672"}],"curies":[{"name":"wp","href":"https:\/\/api.w.org\/{rel}","templated":true}]}}