{"id":28589,"date":"2024-02-20T12:44:59","date_gmt":"2024-02-20T12:44:59","guid":{"rendered":"https:\/\/student-room-flat.com\/?page_id=28589"},"modified":"2024-02-20T16:01:34","modified_gmt":"2024-02-20T16:01:34","slug":"consultation-gratuite","status":"publish","type":"page","link":"https:\/\/student-room-flat.com\/fr\/consultation-gratuite\/","title":{"rendered":"Consultation gratuite Student Room Flat"},"content":{"rendered":"\t\t<div data-elementor-type=\"wp-page\" data-elementor-id=\"28589\" class=\"elementor elementor-28589 elementor-1729\" data-elementor-post-type=\"page\">\n\t\t\t\t<div class=\"elementor-element elementor-element-0e1b613 e-flex e-con-boxed e-con e-parent\" data-id=\"0e1b613\" data-element_type=\"container\" data-e-type=\"container\">\n\t\t\t\t\t<div class=\"e-con-inner\">\n\t\t<div class=\"elementor-element elementor-element-45ff476 e-con-full e-flex e-con e-child\" data-id=\"45ff476\" data-element_type=\"container\" data-e-type=\"container\">\n\t\t<div class=\"elementor-element elementor-element-5ffde8f e-flex e-con-boxed e-con e-child\" data-id=\"5ffde8f\" data-element_type=\"container\" data-e-type=\"container\">\n\t\t\t\t\t<div class=\"e-con-inner\">\n\t\t\t\t<div class=\"elementor-element elementor-element-78e81a6 elementor-widget elementor-widget-heading\" data-id=\"78e81a6\" data-element_type=\"widget\" data-e-type=\"widget\" data-widget_type=\"heading.default\">\n\t\t\t\t<div class=\"elementor-widget-container\">\n\t\t\t\t\t<h1 class=\"elementor-heading-title elementor-size-default\">Consultation gratuite<\/h1>\t\t\t\t<\/div>\n\t\t\t\t<\/div>\n\t\t\t\t<div class=\"elementor-element elementor-element-2298363 elementor-widget elementor-widget-text-editor\" data-id=\"2298363\" data-element_type=\"widget\" data-e-type=\"widget\" data-widget_type=\"text-editor.default\">\n\t\t\t\t<div class=\"elementor-widget-container\">\n\t\t\t\t\t\t\t\t\t<p>Que tu sois \u00e0 la recherche du logement parfait \u00e0 l&rsquo;\u00e9tranger ou que, de l&rsquo;autre c\u00f4t\u00e9, tu essaies de trouver les bons locataires pour la location de tes biens immobilier, Student Room Flat est l\u00e0 pour t&rsquo;aider !<\/p>\n<p>Choisis l&rsquo;un des profils ci-dessous et laisse notre \u00e9quipe de sp\u00e9cialistes du logement t&rsquo;aider gratuitement.<\/p><\/p>\n\t\t\t\t\t\t\t\t<\/div>\n\t\t\t\t<\/div>\n\t\t\t\t\t<\/div>\n\t\t\t\t<\/div>\n\t\t<div class=\"elementor-element elementor-element-819231b e-con-full e-flex e-con e-child\" data-id=\"819231b\" data-element_type=\"container\" data-e-type=\"container\">\n\t\t<div class=\"elementor-element elementor-element-a47e9e0 e-con-full e-flex e-con e-child\" data-id=\"a47e9e0\" data-element_type=\"container\" data-e-type=\"container\">\n\t\t\t\t<div class=\"elementor-element elementor-element-c5248fc elementor-widget elementor-widget-heading\" data-id=\"c5248fc\" data-element_type=\"widget\" data-e-type=\"widget\" data-widget_type=\"heading.default\">\n\t\t\t\t<div class=\"elementor-widget-container\">\n\t\t\t\t\t<h3 class=\"elementor-heading-title elementor-size-default\">Pour les locataires<\/h3>\t\t\t\t<\/div>\n\t\t\t\t<\/div>\n\t\t\t\t<div class=\"elementor-element elementor-element-129cdee elementor-widget elementor-widget-heading\" data-id=\"129cdee\" data-element_type=\"widget\" data-e-type=\"widget\" data-widget_type=\"heading.default\">\n\t\t\t\t<div class=\"elementor-widget-container\">\n\t\t\t\t\t<h3 class=\"elementor-heading-title elementor-size-default\">Je cherche une chambre \u00e9tudiante<\/h3>\t\t\t\t<\/div>\n\t\t\t\t<\/div>\n\t\t\t\t<div class=\"elementor-element elementor-element-1bc1d39 elementor-widget elementor-widget-button\" data-id=\"1bc1d39\" data-element_type=\"widget\" data-e-type=\"widget\" data-widget_type=\"button.default\">\n\t\t\t\t<div class=\"elementor-widget-container\">\n\t\t\t\t\t\t\t\t\t<div class=\"elementor-button-wrapper\">\n\t\t\t\t\t<a class=\"elementor-button elementor-button-link elementor-size-sm\" href=\"https:\/\/student-room-flat.com\/fr\/consultation-gratuite\/pour-les-locataires\/\">\n\t\t\t\t\t\t<span class=\"elementor-button-content-wrapper\">\n\t\t\t\t\t\t\t\t\t<span class=\"elementor-button-text\">Aidez-moi \u00e0 faire ma r\u00e9servation<\/span>\n\t\t\t\t\t<\/span>\n\t\t\t\t\t<\/a>\n\t\t\t\t<\/div>\n\t\t\t\t\t\t\t\t<\/div>\n\t\t\t\t<\/div>\n\t\t\t\t<\/div>\n\t\t<div class=\"elementor-element elementor-element-537dd0b e-con-full e-flex e-con e-child\" data-id=\"537dd0b\" data-element_type=\"container\" data-e-type=\"container\">\n\t\t\t\t<div class=\"elementor-element elementor-element-3d9c34e elementor-widget elementor-widget-heading\" data-id=\"3d9c34e\" data-element_type=\"widget\" data-e-type=\"widget\" data-widget_type=\"heading.default\">\n\t\t\t\t<div class=\"elementor-widget-container\">\n\t\t\t\t\t<h3 class=\"elementor-heading-title elementor-size-default\">Pour les h\u00f4tes<\/h3>\t\t\t\t<\/div>\n\t\t\t\t<\/div>\n\t\t\t\t<div class=\"elementor-element elementor-element-f6d9973 elementor-widget elementor-widget-heading\" data-id=\"f6d9973\" data-element_type=\"widget\" data-e-type=\"widget\" data-widget_type=\"heading.default\">\n\t\t\t\t<div class=\"elementor-widget-container\">\n\t\t\t\t\t<h3 class=\"elementor-heading-title elementor-size-default\">Je veux louer ma propri\u00e9t\u00e9 \u00e0 des \u00e9tudiants<\/h3>\t\t\t\t<\/div>\n\t\t\t\t<\/div>\n\t\t\t\t<div class=\"elementor-element elementor-element-f8adb26 elementor-widget elementor-widget-button\" data-id=\"f8adb26\" data-element_type=\"widget\" data-e-type=\"widget\" data-widget_type=\"button.default\">\n\t\t\t\t<div class=\"elementor-widget-container\">\n\t\t\t\t\t\t\t\t\t<div class=\"elementor-button-wrapper\">\n\t\t\t\t\t<a class=\"elementor-button elementor-button-link elementor-size-sm\" href=\"https:\/\/student-room-flat.com\/fr\/consultation-gratuite\/pour-les-hotes\/\">\n\t\t\t\t\t\t<span class=\"elementor-button-content-wrapper\">\n\t\t\t\t\t\t\t\t\t<span class=\"elementor-button-text\">Aidez-moi avec mon annonce<\/span>\n\t\t\t\t\t<\/span>\n\t\t\t\t\t<\/a>\n\t\t\t\t<\/div>\n\t\t\t\t\t\t\t\t<\/div>\n\t\t\t\t<\/div>\n\t\t\t\t<\/div>\n\t\t\t\t<\/div>\n\t\t\t\t<\/div>\n\t\t\t\t\t<\/div>\n\t\t\t\t<\/div>\n\t\t\t\t<\/div>\n\t\t","protected":false},"excerpt":{"rendered":"<p>Consultation gratuite Que tu sois \u00e0 la recherche du logement parfait \u00e0 l&rsquo;\u00e9tranger ou que, de l&rsquo;autre c\u00f4t\u00e9, tu essaies de trouver les bons locataires pour la location de tes biens immobilier, Student Room Flat est l\u00e0 pour t&rsquo;aider ! Choisis l&rsquo;un des profils ci-dessous et laisse notre \u00e9quipe de sp\u00e9cialistes du logement t&rsquo;aider gratuitement. [&hellip;]<\/p>\n","protected":false},"author":1,"featured_media":2918,"parent":0,"menu_order":0,"comment_status":"closed","ping_status":"closed","template":"","meta":{"_acf_changed":false,"footnotes":""},"folder":[],"class_list":["post-28589","page","type-page","status-publish","has-post-thumbnail","hentry"],"acf":[],"_links":{"self":[{"href":"https:\/\/student-room-flat.com\/fr\/wp-json\/wp\/v2\/pages\/28589","targetHints":{"allow":["GET"]}}],"collection":[{"href":"https:\/\/student-room-flat.com\/fr\/wp-json\/wp\/v2\/pages"}],"about":[{"href":"https:\/\/student-room-flat.com\/fr\/wp-json\/wp\/v2\/types\/page"}],"author":[{"embeddable":true,"href":"https:\/\/student-room-flat.com\/fr\/wp-json\/wp\/v2\/users\/1"}],"replies":[{"embeddable":true,"href":"https:\/\/student-room-flat.com\/fr\/wp-json\/wp\/v2\/comments?post=28589"}],"version-history":[{"count":6,"href":"https:\/\/student-room-flat.com\/fr\/wp-json\/wp\/v2\/pages\/28589\/revisions"}],"predecessor-version":[{"id":28599,"href":"https:\/\/student-room-flat.com\/fr\/wp-json\/wp\/v2\/pages\/28589\/revisions\/28599"}],"wp:featuredmedia":[{"embeddable":true,"href":"https:\/\/student-room-flat.com\/fr\/wp-json\/wp\/v2\/media\/2918"}],"wp:attachment":[{"href":"https:\/\/student-room-flat.com\/fr\/wp-json\/wp\/v2\/media?parent=28589"}],"wp:term":[{"taxonomy":"folder","embeddable":true,"href":"https:\/\/student-room-flat.com\/fr\/wp-json\/wp\/v2\/folder?post=28589"}],"curies":[{"name":"wp","href":"https:\/\/api.w.org\/{rel}","templated":true}]}}