{"id":28595,"date":"2024-02-20T12:50:16","date_gmt":"2024-02-20T12:50:16","guid":{"rendered":"https:\/\/student-room-flat.com\/?page_id=28595"},"modified":"2024-02-27T15:41:35","modified_gmt":"2024-02-27T15:41:35","slug":"pour-les-hotes","status":"publish","type":"page","link":"https:\/\/student-room-flat.com\/fr\/consultation-gratuite\/pour-les-hotes\/","title":{"rendered":"Conseils gratuits pour les h\u00f4tes"},"content":{"rendered":"\t\t<div data-elementor-type=\"wp-page\" data-elementor-id=\"28595\" class=\"elementor elementor-28595 elementor-15822\" data-elementor-post-type=\"page\">\n\t\t\t\t\t\t<section class=\"elementor-section elementor-top-section elementor-element elementor-element-96776ae elementor-section-boxed elementor-section-height-default elementor-section-height-default\" data-id=\"96776ae\" data-element_type=\"section\" data-e-type=\"section\">\n\t\t\t\t\t\t<div class=\"elementor-container elementor-column-gap-default\">\n\t\t\t\t\t<div class=\"elementor-column elementor-col-100 elementor-top-column elementor-element elementor-element-4f24fde\" data-id=\"4f24fde\" data-element_type=\"column\" data-e-type=\"column\">\n\t\t\t<div class=\"elementor-widget-wrap elementor-element-populated\">\n\t\t\t\t\t\t<div class=\"elementor-element elementor-element-3d7aeef elementor-widget elementor-widget-heading\" data-id=\"3d7aeef\" data-element_type=\"widget\" data-e-type=\"widget\" data-widget_type=\"heading.default\">\n\t\t\t\t<div class=\"elementor-widget-container\">\n\t\t\t\t\t<h3 class=\"elementor-heading-title elementor-size-default\">Pour les h\u00f4tes<\/h3>\t\t\t\t<\/div>\n\t\t\t\t<\/div>\n\t\t\t\t<div class=\"elementor-element elementor-element-2327fce elementor-widget elementor-widget-heading\" data-id=\"2327fce\" data-element_type=\"widget\" data-e-type=\"widget\" data-widget_type=\"heading.default\">\n\t\t\t\t<div class=\"elementor-widget-container\">\n\t\t\t\t\t<h2 class=\"elementor-heading-title elementor-size-default\">30 minutes de conseil professionnel gratuit<\/h2>\t\t\t\t<\/div>\n\t\t\t\t<\/div>\n\t\t\t\t<div class=\"elementor-element elementor-element-a827090 elementor-widget elementor-widget-text-editor\" data-id=\"a827090\" data-element_type=\"widget\" data-e-type=\"widget\" data-widget_type=\"text-editor.default\">\n\t\t\t\t<div class=\"elementor-widget-container\">\n\t\t\t\t\t\t\t\t\t<p> Nous vous offrons une consultation professionnelle gratuite de 30 minutes sur la fa\u00e7on de maximiser ton rendement gr\u00e2ce \u00e0 notre mod\u00e8le d&rsquo;affaires \u00e9prouv\u00e9.<\/p>\n<p>R\u00e9servez un appel avec nos professionnels du logement et d\u00e9couvre comment rapprocher votre propri\u00e9t\u00e9 du nombre croissant d&rsquo;\u00e9tudiants et de stagiaires internationaux.<\/p><\/p>\n\t\t\t\t\t\t\t\t<\/div>\n\t\t\t\t<\/div>\n\t\t\t\t<div class=\"elementor-element elementor-element-d13e1e5 elementor-widget elementor-widget-html\" data-id=\"d13e1e5\" data-element_type=\"widget\" data-e-type=\"widget\" data-widget_type=\"html.default\">\n\t\t\t\t<div class=\"elementor-widget-container\">\n\t\t\t\t\t<!-- Calendly inline widget begin -->\n<div class=\"calendly-inline-widget\" data-url=\"https:\/\/calendly.com\/hosts\/15min\" style=\"min-width:320px;height:700px;\"><\/div>\n<script type=\"text\/javascript\" src=\"https:\/\/assets.calendly.com\/assets\/external\/widget.js\" async=\"\"><\/script>\n<!-- Calendly inline widget end -->\t\t\t\t<\/div>\n\t\t\t\t<\/div>\n\t\t\t\t\t<\/div>\n\t\t<\/div>\n\t\t\t\t\t<\/div>\n\t\t<\/section>\n\t\t\t\t<\/div>\n\t\t","protected":false},"excerpt":{"rendered":"<p>For hosts 30 minutes de conseil professionnel gratuit Nous t&rsquo;offrons une consultation professionnelle gratuite de 30 minutes sur la fa\u00e7on de maximiser ton rendement gr\u00e2ce \u00e0 notre mod\u00e8le d&rsquo;affaires \u00e9prouv\u00e9. R\u00e9serve un appel avec nos professionnels du logement et d\u00e9couvre comment rapprocher ta propri\u00e9t\u00e9 du nombre croissant d&rsquo;\u00e9tudiants et de stagiaires internationaux.<\/p>\n","protected":false},"author":1,"featured_media":2918,"parent":28589,"menu_order":0,"comment_status":"closed","ping_status":"closed","template":"","meta":{"_acf_changed":false,"footnotes":""},"folder":[],"class_list":["post-28595","page","type-page","status-publish","has-post-thumbnail","hentry"],"acf":[],"_links":{"self":[{"href":"https:\/\/student-room-flat.com\/fr\/wp-json\/wp\/v2\/pages\/28595","targetHints":{"allow":["GET"]}}],"collection":[{"href":"https:\/\/student-room-flat.com\/fr\/wp-json\/wp\/v2\/pages"}],"about":[{"href":"https:\/\/student-room-flat.com\/fr\/wp-json\/wp\/v2\/types\/page"}],"author":[{"embeddable":true,"href":"https:\/\/student-room-flat.com\/fr\/wp-json\/wp\/v2\/users\/1"}],"replies":[{"embeddable":true,"href":"https:\/\/student-room-flat.com\/fr\/wp-json\/wp\/v2\/comments?post=28595"}],"version-history":[{"count":5,"href":"https:\/\/student-room-flat.com\/fr\/wp-json\/wp\/v2\/pages\/28595\/revisions"}],"predecessor-version":[{"id":28697,"href":"https:\/\/student-room-flat.com\/fr\/wp-json\/wp\/v2\/pages\/28595\/revisions\/28697"}],"up":[{"embeddable":true,"href":"https:\/\/student-room-flat.com\/fr\/wp-json\/wp\/v2\/pages\/28589"}],"wp:featuredmedia":[{"embeddable":true,"href":"https:\/\/student-room-flat.com\/fr\/wp-json\/wp\/v2\/media\/2918"}],"wp:attachment":[{"href":"https:\/\/student-room-flat.com\/fr\/wp-json\/wp\/v2\/media?parent=28595"}],"wp:term":[{"taxonomy":"folder","embeddable":true,"href":"https:\/\/student-room-flat.com\/fr\/wp-json\/wp\/v2\/folder?post=28595"}],"curies":[{"name":"wp","href":"https:\/\/api.w.org\/{rel}","templated":true}]}}