{"id":2679,"date":"2020-01-21T13:05:53","date_gmt":"2020-01-21T13:05:53","guid":{"rendered":"http:\/\/student-room-flat.com\/?page_id=2679"},"modified":"2023-10-25T12:54:12","modified_gmt":"2023-10-25T12:54:12","slug":"erasmus-acomodacao","status":"publish","type":"page","link":"https:\/\/student-room-flat.com\/pt-pt\/erasmus-acomodacao\/","title":{"rendered":"Acomoda\u00e7\u00e3o Erasmus"},"content":{"rendered":"\t\t<div data-elementor-type=\"wp-page\" data-elementor-id=\"2679\" class=\"elementor elementor-2679 elementor-1150\" data-elementor-post-type=\"page\">\n\t\t\t\t\t\t<section class=\"elementor-section elementor-top-section elementor-element elementor-element-1bf5fe34 elementor-section-content-middle elementor-section-boxed elementor-section-height-default elementor-section-height-default\" data-id=\"1bf5fe34\" data-element_type=\"section\" data-e-type=\"section\" data-settings=\"{&quot;background_background&quot;:&quot;classic&quot;}\">\n\t\t\t\t\t\t\t<div class=\"elementor-background-overlay\"><\/div>\n\t\t\t\t\t\t\t<div class=\"elementor-container elementor-column-gap-wider\">\n\t\t\t\t\t<div class=\"elementor-column elementor-col-100 elementor-top-column elementor-element elementor-element-6acb9e8\" data-id=\"6acb9e8\" data-element_type=\"column\" data-e-type=\"column\">\n\t\t\t<div class=\"elementor-widget-wrap elementor-element-populated\">\n\t\t\t\t\t<div class=\"elementor-background-overlay\"><\/div>\n\t\t\t\t\t\t<section class=\"elementor-section elementor-inner-section elementor-element elementor-element-7b5b074 elementor-section-boxed elementor-section-height-default elementor-section-height-default\" data-id=\"7b5b074\" data-element_type=\"section\" data-e-type=\"section\">\n\t\t\t\t\t\t<div class=\"elementor-container elementor-column-gap-default\">\n\t\t\t\t\t<div class=\"elementor-column elementor-col-100 elementor-inner-column elementor-element elementor-element-199879a2\" data-id=\"199879a2\" data-element_type=\"column\" data-e-type=\"column\">\n\t\t\t<div class=\"elementor-widget-wrap elementor-element-populated\">\n\t\t\t\t\t\t<div class=\"elementor-element elementor-element-6e2fe1b2 elementor-widget elementor-widget-heading\" data-id=\"6e2fe1b2\" data-element_type=\"widget\" data-e-type=\"widget\" data-widget_type=\"heading.default\">\n\t\t\t\t<div class=\"elementor-widget-container\">\n\t\t\t\t\t<h1 class=\"elementor-heading-title elementor-size-default\">Alojamento Erasmus no estrangeiro. Encontre o quarto perfeito<\/h1>\t\t\t\t<\/div>\n\t\t\t\t<\/div>\n\t\t\t\t<div class=\"elementor-element elementor-element-379754b0 elementor-widget elementor-widget-heading\" data-id=\"379754b0\" data-element_type=\"widget\" data-e-type=\"widget\" data-widget_type=\"heading.default\">\n\t\t\t\t<div class=\"elementor-widget-container\">\n\t\t\t\t\t<h2 class=\"elementor-heading-title elementor-size-default\">Acomoda\u00e7\u00e3o Erasmus<\/h2>\t\t\t\t<\/div>\n\t\t\t\t<\/div>\n\t\t\t\t<div class=\"elementor-element elementor-element-3a86bb12 elementor-widget elementor-widget-text-editor\" data-id=\"3a86bb12\" data-element_type=\"widget\" data-e-type=\"widget\" data-widget_type=\"text-editor.default\">\n\t\t\t\t<div class=\"elementor-widget-container\">\n\t\t\t\t\t\t\t\t\t<p>A id\u00e9ia de viver no exterior durante um semestre ou um ano inteiro soa emocionante e, ao mesmo tempo pode ser assustador! Vamos ver como \u00e9 que podes encontrar alojamento para Erasmus ou estudantes internacionais no estrangeiro.<\/p>\n\t\t\t\t\t\t\t\t<\/div>\n\t\t\t\t<\/div>\n\t\t\t\t\t<\/div>\n\t\t<\/div>\n\t\t\t\t\t<\/div>\n\t\t<\/section>\n\t\t\t\t<section class=\"elementor-section elementor-inner-section elementor-element elementor-element-314857b8 elementor-section-boxed elementor-section-height-default elementor-section-height-default\" data-id=\"314857b8\" data-element_type=\"section\" data-e-type=\"section\">\n\t\t\t\t\t\t<div class=\"elementor-container elementor-column-gap-default\">\n\t\t\t\t\t<div class=\"elementor-column elementor-col-100 elementor-inner-column elementor-element elementor-element-11ba7826\" data-id=\"11ba7826\" data-element_type=\"column\" data-e-type=\"column\">\n\t\t\t<div class=\"elementor-widget-wrap elementor-element-populated\">\n\t\t\t\t\t\t<div class=\"elementor-element elementor-element-5f9c7aa9 elementor-align-center elementor-mobile-align-justify elementor-widget elementor-widget-button\" data-id=\"5f9c7aa9\" data-element_type=\"widget\" data-e-type=\"widget\" data-widget_type=\"button.default\">\n\t\t\t\t<div class=\"elementor-widget-container\">\n\t\t\t\t\t\t\t\t\t<div class=\"elementor-button-wrapper\">\n\t\t\t\t\t<a class=\"elementor-button elementor-button-link elementor-size-md elementor-animation-float\" href=\"#locations\">\n\t\t\t\t\t\t<span class=\"elementor-button-content-wrapper\">\n\t\t\t\t\t\t\t\t\t<span class=\"elementor-button-text\">Descubra locais<\/span>\n\t\t\t\t\t<\/span>\n\t\t\t\t\t<\/a>\n\t\t\t\t<\/div>\n\t\t\t\t\t\t\t\t<\/div>\n\t\t\t\t<\/div>\n\t\t\t\t\t<\/div>\n\t\t<\/div>\n\t\t\t\t\t<\/div>\n\t\t<\/section>\n\t\t\t\t\t<\/div>\n\t\t<\/div>\n\t\t\t\t\t<\/div>\n\t\t<\/section>\n\t\t\t\t<section class=\"elementor-section elementor-top-section elementor-element elementor-element-36cd7931 elementor-section-content-middle elementor-section-boxed elementor-section-height-default elementor-section-height-default\" data-id=\"36cd7931\" data-element_type=\"section\" data-e-type=\"section\" id=\"what-is\">\n\t\t\t\t\t\t<div class=\"elementor-container elementor-column-gap-no\">\n\t\t\t\t\t<div class=\"elementor-column elementor-col-100 elementor-top-column elementor-element elementor-element-30c6652c\" data-id=\"30c6652c\" data-element_type=\"column\" data-e-type=\"column\">\n\t\t\t<div class=\"elementor-widget-wrap elementor-element-populated\">\n\t\t\t\t\t\t<div class=\"elementor-element elementor-element-72f6837f elementor-widget elementor-widget-heading\" data-id=\"72f6837f\" data-element_type=\"widget\" data-e-type=\"widget\" data-widget_type=\"heading.default\">\n\t\t\t\t<div class=\"elementor-widget-container\">\n\t\t\t\t\t<h2 class=\"elementor-heading-title elementor-size-default\">Alojamento Erasmus no estrangeiro<\/h2>\t\t\t\t<\/div>\n\t\t\t\t<\/div>\n\t\t\t\t<div class=\"elementor-element elementor-element-db94c67 elementor-widget elementor-widget-text-editor\" data-id=\"db94c67\" data-element_type=\"widget\" data-e-type=\"widget\" data-widget_type=\"text-editor.default\">\n\t\t\t\t<div class=\"elementor-widget-container\">\n\t\t\t\t\t\t\t\t\t<p>Estudar e viver no estrangeiro \u00e9 uma \u00f3ptima ideia para melhorar o teu curr\u00edculo e para o teu desenvolvimento pessoal, mas deixar o alojamento para a \u00faltima hora pode revelar-se um verdadeiro pesadelo. Pensa que o teu alojamento ser\u00e1 a base de toda a tua experi\u00eancia, com a possibilidade de o aumentares ou diminu\u00edres.<\/p>\n<p>Por esta raz\u00e3o, aconselhamos-te a procurar uma experi\u00eancia maior do que simplesmente partilhar um apartamento no estrangeiro e a baseares-te numa pesquisa precoce! Em vez disso, procure uma experi\u00eancia \u00fanica flatshare onde voc\u00ea pode pertencer a uma comunidade e aprender novas habilidades com o conforto de seu pr\u00f3prio lugar.<\/p>\n<p>Como sabes, h\u00e1 muitos pormenores a ter em conta na escolha do teu alojamento no estrangeiro, mas para simplificar um pouco mais, decidimos dividi-lo em tr\u00eas t\u00f3picos principais que te podem ajudar a orientar a tua procura e sele\u00e7\u00e3o de um apartamento. Olha s\u00f3!<\/p>\n\t\t\t\t\t\t\t\t<\/div>\n\t\t\t\t<\/div>\n\t\t\t\t<section class=\"elementor-section elementor-inner-section elementor-element elementor-element-8f94c87 elementor-section-boxed elementor-section-height-default elementor-section-height-default\" data-id=\"8f94c87\" data-element_type=\"section\" data-e-type=\"section\" id=\"locations\">\n\t\t\t\t\t\t<div class=\"elementor-container elementor-column-gap-default\">\n\t\t\t\t\t<div class=\"elementor-column elementor-col-50 elementor-inner-column elementor-element elementor-element-35fa88d\" data-id=\"35fa88d\" data-element_type=\"column\" data-e-type=\"column\">\n\t\t\t<div class=\"elementor-widget-wrap elementor-element-populated\">\n\t\t\t\t\t\t<div class=\"elementor-element elementor-element-d9f1ab0 elementor-cta--skin-cover elementor-animated-content elementor-bg-transform elementor-bg-transform-zoom-in elementor-widget elementor-widget-call-to-action\" data-id=\"d9f1ab0\" data-element_type=\"widget\" data-e-type=\"widget\" data-widget_type=\"call-to-action.default\">\n\t\t\t\t<div class=\"elementor-widget-container\">\n\t\t\t\t\t\t\t<a class=\"elementor-cta\" href=\"https:\/\/student-room-flat.com\/pt-pt\/\">\n\t\t\t\t\t<div class=\"elementor-cta__bg-wrapper\">\n\t\t\t\t<div class=\"elementor-cta__bg elementor-bg\" style=\"background-image: url(https:\/\/student-room-flat.com\/wp-content\/uploads\/2020\/02\/dmitry-goykolov-X8Vo9rGVPS8-unsplash-768x512.jpg);\" role=\"img\" aria-label=\"Popular Neighbourhoods in Pargue\"><\/div>\n\t\t\t\t<div class=\"elementor-cta__bg-overlay\"><\/div>\n\t\t\t<\/div>\n\t\t\t\t\t\t\t<div class=\"elementor-cta__content\">\n\t\t\t\t\n\t\t\t\t\t\t\t\t\t<h2 class=\"elementor-cta__title elementor-cta__content-item elementor-content-item elementor-animated-item--grow\">\n\t\t\t\t\t\tAlojamento Erasmus em Praga\t\t\t\t\t<\/h2>\n\t\t\t\t\n\t\t\t\t\n\t\t\t\t\t\t\t\t\t<div class=\"elementor-cta__button-wrapper elementor-cta__content-item elementor-content-item elementor-animated-item--grow\">\n\t\t\t\t\t<span class=\"elementor-cta__button elementor-button elementor-size-\">\n\t\t\t\t\t\tExplora os quartos em Praga\t\t\t\t\t<\/span>\n\t\t\t\t\t<\/div>\n\t\t\t\t\t\t\t<\/div>\n\t\t\t\t\t\t<\/a>\n\t\t\t\t\t\t<\/div>\n\t\t\t\t<\/div>\n\t\t\t\t\t<\/div>\n\t\t<\/div>\n\t\t\t\t<div class=\"elementor-column elementor-col-50 elementor-inner-column elementor-element elementor-element-fdb680a\" data-id=\"fdb680a\" data-element_type=\"column\" data-e-type=\"column\">\n\t\t\t<div class=\"elementor-widget-wrap elementor-element-populated\">\n\t\t\t\t\t\t<div class=\"elementor-element elementor-element-a028e6d elementor-cta--skin-cover elementor-animated-content elementor-bg-transform elementor-bg-transform-zoom-in elementor-widget elementor-widget-call-to-action\" data-id=\"a028e6d\" data-element_type=\"widget\" data-e-type=\"widget\" data-widget_type=\"call-to-action.default\">\n\t\t\t\t<div class=\"elementor-widget-container\">\n\t\t\t\t\t\t\t<a class=\"elementor-cta\" href=\"https:\/\/student-room-flat.com\/porto-accommodation\/\">\n\t\t\t\t\t<div class=\"elementor-cta__bg-wrapper\">\n\t\t\t\t<div class=\"elementor-cta__bg elementor-bg\" style=\"background-image: url(https:\/\/student-room-flat.com\/wp-content\/uploads\/2020\/06\/67416499_869245726765030_2157301496562057216_n-1-768x512.jpg);\" role=\"img\" aria-label=\"67416499_869245726765030_2157301496562057216_n-1.jpg\"><\/div>\n\t\t\t\t<div class=\"elementor-cta__bg-overlay\"><\/div>\n\t\t\t<\/div>\n\t\t\t\t\t\t\t<div class=\"elementor-cta__content\">\n\t\t\t\t\n\t\t\t\t\t\t\t\t\t<h2 class=\"elementor-cta__title elementor-cta__content-item elementor-content-item elementor-animated-item--grow\">\n\t\t\t\t\t\tAlojamento Erasmus no Porto\t\t\t\t\t<\/h2>\n\t\t\t\t\n\t\t\t\t\n\t\t\t\t\t\t\t\t\t<div class=\"elementor-cta__button-wrapper elementor-cta__content-item elementor-content-item elementor-animated-item--grow\">\n\t\t\t\t\t<span class=\"elementor-cta__button elementor-button elementor-size-\">\n\t\t\t\t\t\tExplorar quartos em Porto\t\t\t\t\t<\/span>\n\t\t\t\t\t<\/div>\n\t\t\t\t\t\t\t<\/div>\n\t\t\t\t\t\t<\/a>\n\t\t\t\t\t\t<\/div>\n\t\t\t\t<\/div>\n\t\t\t\t\t<\/div>\n\t\t<\/div>\n\t\t\t\t\t<\/div>\n\t\t<\/section>\n\t\t\t\t<section class=\"elementor-section elementor-inner-section elementor-element elementor-element-5de0485 elementor-section-boxed elementor-section-height-default elementor-section-height-default\" data-id=\"5de0485\" data-element_type=\"section\" data-e-type=\"section\">\n\t\t\t\t\t\t<div class=\"elementor-container elementor-column-gap-default\">\n\t\t\t\t\t<div class=\"elementor-column elementor-col-50 elementor-inner-column elementor-element elementor-element-1c70e4f\" data-id=\"1c70e4f\" data-element_type=\"column\" data-e-type=\"column\">\n\t\t\t<div class=\"elementor-widget-wrap elementor-element-populated\">\n\t\t\t\t\t\t<div class=\"elementor-element elementor-element-d6e2168 elementor-cta--skin-cover elementor-animated-content elementor-bg-transform elementor-bg-transform-zoom-in elementor-widget elementor-widget-call-to-action\" data-id=\"d6e2168\" data-element_type=\"widget\" data-e-type=\"widget\" data-widget_type=\"call-to-action.default\">\n\t\t\t\t<div class=\"elementor-widget-container\">\n\t\t\t\t\t\t\t<a class=\"elementor-cta\" href=\"https:\/\/student-room-flat.com\/pilsen-accommodation\/\">\n\t\t\t\t\t<div class=\"elementor-cta__bg-wrapper\">\n\t\t\t\t<div class=\"elementor-cta__bg elementor-bg\" style=\"background-image: url(https:\/\/student-room-flat.com\/wp-content\/uploads\/2020\/06\/image.ashx_.jpg);\" role=\"img\" aria-label=\"pilsen accommodation\"><\/div>\n\t\t\t\t<div class=\"elementor-cta__bg-overlay\"><\/div>\n\t\t\t<\/div>\n\t\t\t\t\t\t\t<div class=\"elementor-cta__content\">\n\t\t\t\t\n\t\t\t\t\t\t\t\t\t<h2 class=\"elementor-cta__title elementor-cta__content-item elementor-content-item elementor-animated-item--grow\">\n\t\t\t\t\t\tAlojamento Erasmus em Pilsen\t\t\t\t\t<\/h2>\n\t\t\t\t\n\t\t\t\t\n\t\t\t\t\t\t\t\t\t<div class=\"elementor-cta__button-wrapper elementor-cta__content-item elementor-content-item elementor-animated-item--grow\">\n\t\t\t\t\t<span class=\"elementor-cta__button elementor-button elementor-size-\">\n\t\t\t\t\t\tExplorar quartos em Pilsen\t\t\t\t\t<\/span>\n\t\t\t\t\t<\/div>\n\t\t\t\t\t\t\t<\/div>\n\t\t\t\t\t\t<\/a>\n\t\t\t\t\t\t<\/div>\n\t\t\t\t<\/div>\n\t\t\t\t\t<\/div>\n\t\t<\/div>\n\t\t\t\t<div class=\"elementor-column elementor-col-50 elementor-inner-column elementor-element elementor-element-36afe48\" data-id=\"36afe48\" data-element_type=\"column\" data-e-type=\"column\">\n\t\t\t<div class=\"elementor-widget-wrap elementor-element-populated\">\n\t\t\t\t\t\t<div class=\"elementor-element elementor-element-a57ed3c elementor-cta--skin-cover elementor-animated-content elementor-bg-transform elementor-bg-transform-zoom-in elementor-widget elementor-widget-call-to-action\" data-id=\"a57ed3c\" data-element_type=\"widget\" data-e-type=\"widget\" data-widget_type=\"call-to-action.default\">\n\t\t\t\t<div class=\"elementor-widget-container\">\n\t\t\t\t\t\t\t<a class=\"elementor-cta\" href=\"#\">\n\t\t\t\t\t<div class=\"elementor-cta__bg-wrapper\">\n\t\t\t\t<div class=\"elementor-cta__bg elementor-bg\" style=\"background-image: url(https:\/\/student-room-flat.com\/wp-content\/uploads\/2020\/06\/chris-karidis-nnzkZNYWHaU-unsplash1-768x511.jpg);\" role=\"img\" aria-label=\"paris student erasmus accommodation\"><\/div>\n\t\t\t\t<div class=\"elementor-cta__bg-overlay\"><\/div>\n\t\t\t<\/div>\n\t\t\t\t\t\t\t<div class=\"elementor-cta__content\">\n\t\t\t\t\n\t\t\t\t\t\t\t\t\t<h2 class=\"elementor-cta__title elementor-cta__content-item elementor-content-item elementor-animated-item--grow\">\n\t\t\t\t\t\tAlojamento Erasmus em Paris\t\t\t\t\t<\/h2>\n\t\t\t\t\n\t\t\t\t\n\t\t\t\t\t\t\t\t\t<div class=\"elementor-cta__button-wrapper elementor-cta__content-item elementor-content-item elementor-animated-item--grow\">\n\t\t\t\t\t<span class=\"elementor-cta__button elementor-button elementor-size-\">\n\t\t\t\t\t\tExplora os quartos em Paris\t\t\t\t\t<\/span>\n\t\t\t\t\t<\/div>\n\t\t\t\t\t\t\t<\/div>\n\t\t\t\t\t\t\t<div class=\"elementor-ribbon\">\n\t\t\t\t<div class=\"elementor-ribbon-inner\">\n\t\t\t\t\tabertura em breve\t\t\t\t<\/div>\n\t\t\t<\/div>\n\t\t\t\t<\/a>\n\t\t\t\t\t\t<\/div>\n\t\t\t\t<\/div>\n\t\t\t\t\t<\/div>\n\t\t<\/div>\n\t\t\t\t\t<\/div>\n\t\t<\/section>\n\t\t\t\t<div class=\"elementor-element elementor-element-37cf5433 elementor-widget elementor-widget-heading\" data-id=\"37cf5433\" data-element_type=\"widget\" data-e-type=\"widget\" data-widget_type=\"heading.default\">\n\t\t\t\t<div class=\"elementor-widget-container\">\n\t\t\t\t\t<h2 class=\"elementor-heading-title elementor-size-default\">Reserve seu quarto no exterior sem surpresas<\/h2>\t\t\t\t<\/div>\n\t\t\t\t<\/div>\n\t\t\t\t<div class=\"elementor-element elementor-element-7346a526 elementor-widget elementor-widget-text-editor\" data-id=\"7346a526\" data-element_type=\"widget\" data-e-type=\"widget\" data-widget_type=\"text-editor.default\">\n\t\t\t\t<div class=\"elementor-widget-container\">\n\t\t\t\t\t\t\t\t\t<p>&#8220;Melhor prevenir do que remediar&#8221;, assim como sua m\u00e3e provavelmente lhe disse muitas vezes antes! Quando se trata do teu alojamento no estrangeiro, n\u00e3o deixes para a \u00faltima hora. Esta decis\u00e3o n\u00e3o deve ser tomada de \u00e2nimo leve e \u00e0 pressa, uma vez que o teu alojamento pode ditar a tua qualidade de vida durante a tua aventura Erasmus.<\/p>\n<p>Passar o tempo se preocupando com as contas, propriet\u00e1rios sem resposta e companheiros de apartamento desrespeitosos podem comprometer sua experi\u00eancia no exterior. Sem mencionar que as hist\u00f3rias de golpes e ripoffs tornaram-se cada vez mais habituais entre os neg\u00f3cios de casas para estudantes no exterior. Por esta raz\u00e3o, preste aten\u00e7\u00e3o aos m\u00e9todos de pagamento e informa\u00e7\u00f5es solicitadas antes da sua reserva e pagamento. \u00c9 melhor pagar pela qualidade e seguran\u00e7a asseguradas em vez de arriscar perder dinheiro e tempo!<\/p>\n<p>Concentra-te em encontrar um alojamento seguro com uma comunidade bem constitu\u00edda que te apoie e te receba neste novo cap\u00edtulo numa cidade estrangeira.<\/p>\n\t\t\t\t\t\t\t\t<\/div>\n\t\t\t\t<\/div>\n\t\t\t\t<div class=\"elementor-element elementor-element-9ddf1f3 elementor-widget elementor-widget-spacer\" data-id=\"9ddf1f3\" data-element_type=\"widget\" data-e-type=\"widget\" data-widget_type=\"spacer.default\">\n\t\t\t\t<div class=\"elementor-widget-container\">\n\t\t\t\t\t\t\t<div class=\"elementor-spacer\">\n\t\t\t<div class=\"elementor-spacer-inner\"><\/div>\n\t\t<\/div>\n\t\t\t\t\t\t<\/div>\n\t\t\t\t<\/div>\n\t\t\t\t<div class=\"elementor-element elementor-element-64ebfba elementor-widget elementor-widget-heading\" data-id=\"64ebfba\" data-element_type=\"widget\" data-e-type=\"widget\" data-widget_type=\"heading.default\">\n\t\t\t\t<div class=\"elementor-widget-container\">\n\t\t\t\t\t<h3 class=\"elementor-heading-title elementor-size-default\">Mantenha sua privacidade, mas n\u00e3o se sinta sozinho<\/h3>\t\t\t\t<\/div>\n\t\t\t\t<\/div>\n\t\t\t\t<div class=\"elementor-element elementor-element-2a9ffcd elementor-widget elementor-widget-text-editor\" data-id=\"2a9ffcd\" data-element_type=\"widget\" data-e-type=\"widget\" data-widget_type=\"text-editor.default\">\n\t\t\t\t<div class=\"elementor-widget-container\">\n\t\t\t\t\t\t\t\t\t<p>A universidade ou o alojamento em dormit\u00f3rio podem passar pela tua cabe\u00e7a como uma op\u00e7\u00e3o tentadora para ficares durante o teu programa de interc\u00e2mbio Erasmus, mas pode ser uma decis\u00e3o dif\u00edcil de tomar.<\/p>\n<p>Muitos dormit\u00f3rios decidem estocar seus estudantes em quartos compartilhados pequenos que obrigando os dar acima em seu espa\u00e7o pessoal a fim pagar um pre\u00e7o mais baixo durante sua estada no exterior. \u00c9 claro que veio ao seu programa Erasmus com a inten\u00e7\u00e3o de conhecer novas pessoas, mas isso n\u00e3o significa que tenha de sacrificar a sua privacidade.<\/p>\n<p><strong>No Student Room Flat seguimos a ideia de &#8220;sozinho mas nunca solit\u00e1rio&#8221;.<\/strong> Tens acesso a um quarto s\u00f3 para ti num apartamento partilhado, podendo manter o teu espa\u00e7o pessoal num alojamento partilhado. Cabe-te a ti escolher entre alojamento partilhado ou alojamento privado, sabendo que em ambos os casos o teu espa\u00e7o pessoal ser\u00e1 sempre respeitado.<\/p>\n<p>Em todo o caso, se procuras uma experi\u00eancia mais particular ou individual, um est\u00fadio de estudantes pode ser a op\u00e7\u00e3o perfeita, deixando a confraterniza\u00e7\u00e3o di\u00e1ria para fora da tua casa (casa de estudantes)m<\/p>\n\t\t\t\t\t\t\t\t<\/div>\n\t\t\t\t<\/div>\n\t\t\t\t<div class=\"elementor-element elementor-element-74eae69 elementor-widget elementor-widget-spacer\" data-id=\"74eae69\" data-element_type=\"widget\" data-e-type=\"widget\" data-widget_type=\"spacer.default\">\n\t\t\t\t<div class=\"elementor-widget-container\">\n\t\t\t\t\t\t\t<div class=\"elementor-spacer\">\n\t\t\t<div class=\"elementor-spacer-inner\"><\/div>\n\t\t<\/div>\n\t\t\t\t\t\t<\/div>\n\t\t\t\t<\/div>\n\t\t\t\t<div class=\"elementor-element elementor-element-43db8f4a elementor-widget elementor-widget-heading\" data-id=\"43db8f4a\" data-element_type=\"widget\" data-e-type=\"widget\" data-widget_type=\"heading.default\">\n\t\t\t\t<div class=\"elementor-widget-container\">\n\t\t\t\t\t<h3 class=\"elementor-heading-title elementor-size-default\">Fa\u00e7a parte de uma comunidade jovem e vibrante<\/h3>\t\t\t\t<\/div>\n\t\t\t\t<\/div>\n\t\t\t\t<div class=\"elementor-element elementor-element-2aa437e elementor-widget elementor-widget-text-editor\" data-id=\"2aa437e\" data-element_type=\"widget\" data-e-type=\"widget\" data-widget_type=\"text-editor.default\">\n\t\t\t\t<div class=\"elementor-widget-container\">\n\t\t\t\t\t\t\t\t\t<p>Fazer novos amigos pode ser um desafio, especialmente quando voc\u00ea vai ter que se comunicar com pessoas de muitas culturas e origens diferentes.<\/p>\n<p>O Programa de Estudos Erasmus e o Erasmus+ s\u00e3o conhecidos por amizades e aventuras inesperadas que um dia ser\u00e3o algumas das suas mem\u00f3rias mais val\u00faveis, por isso fazem valer a pena, com as pessoas certas e no lugar certo.<\/p>\n<p>O Student Room Flat tem trabalhado arduamente para construir uma grande comunidade de estudantes e jovens profissionais que todos os anos decidem utilizar a nossa plataforma para encontrar o melhor e mais seguro alojamento para estudantes do mercado. Ao ficar com a gente voc\u00ea tamb\u00e9m pode se tornar parte de uma grande fam\u00edlia internacional esperando por voc\u00ea de bra\u00e7os abertos e mentes abertas!<\/p>\t\t\t\t\t\t\t\t<\/div>\n\t\t\t\t<\/div>\n\t\t\t\t<div class=\"elementor-element elementor-element-57ddeff7 elementor-widget elementor-widget-heading\" data-id=\"57ddeff7\" data-element_type=\"widget\" data-e-type=\"widget\" data-widget_type=\"heading.default\">\n\t\t\t\t<div class=\"elementor-widget-container\">\n\t\t\t\t\t<p class=\"elementor-heading-title elementor-size-default\">Voc\u00ea est\u00e1 procurando um lugar? Vamos encontrar-lhe um lar. \n<\/p>\t\t\t\t<\/div>\n\t\t\t\t<\/div>\n\t\t\t\t<div class=\"elementor-element elementor-element-36bbb40 elementor-widget elementor-widget-heading\" data-id=\"36bbb40\" data-element_type=\"widget\" data-e-type=\"widget\" data-widget_type=\"heading.default\">\n\t\t\t\t<div class=\"elementor-widget-container\">\n\t\t\t\t\t<p class=\"elementor-heading-title elementor-size-default\">Voc\u00ea est\u00e1 procurando companheiros de apartamento? Vamos encontrar seus melhores amigos.<\/p>\t\t\t\t<\/div>\n\t\t\t\t<\/div>\n\t\t\t\t\t<\/div>\n\t\t<\/div>\n\t\t\t\t\t<\/div>\n\t\t<\/section>\n\t\t\t\t<\/div>\n\t\t","protected":false},"excerpt":{"rendered":"<p>Alojamento Erasmus no estrangeiro. Encontre o quarto perfeito Acomoda\u00e7\u00e3o Erasmus A id\u00e9ia de viver no exterior durante um semestre ou um ano inteiro soa emocionante e, ao mesmo tempo pode ser assustador! Vamos ver como \u00e9 que podes encontrar alojamento para Erasmus ou estudantes internacionais no estrangeiro. Descubra locais Alojamento Erasmus no estrangeiro Estudar e [&hellip;]<\/p>\n","protected":false},"author":1,"featured_media":2936,"parent":0,"menu_order":0,"comment_status":"closed","ping_status":"closed","template":"","meta":{"_acf_changed":false,"footnotes":""},"folder":[],"class_list":["post-2679","page","type-page","status-publish","has-post-thumbnail","hentry"],"acf":[],"_links":{"self":[{"href":"https:\/\/student-room-flat.com\/pt-pt\/wp-json\/wp\/v2\/pages\/2679","targetHints":{"allow":["GET"]}}],"collection":[{"href":"https:\/\/student-room-flat.com\/pt-pt\/wp-json\/wp\/v2\/pages"}],"about":[{"href":"https:\/\/student-room-flat.com\/pt-pt\/wp-json\/wp\/v2\/types\/page"}],"author":[{"embeddable":true,"href":"https:\/\/student-room-flat.com\/pt-pt\/wp-json\/wp\/v2\/users\/1"}],"replies":[{"embeddable":true,"href":"https:\/\/student-room-flat.com\/pt-pt\/wp-json\/wp\/v2\/comments?post=2679"}],"version-history":[{"count":2,"href":"https:\/\/student-room-flat.com\/pt-pt\/wp-json\/wp\/v2\/pages\/2679\/revisions"}],"predecessor-version":[{"id":26518,"href":"https:\/\/student-room-flat.com\/pt-pt\/wp-json\/wp\/v2\/pages\/2679\/revisions\/26518"}],"wp:featuredmedia":[{"embeddable":true,"href":"https:\/\/student-room-flat.com\/pt-pt\/wp-json\/wp\/v2\/media\/2936"}],"wp:attachment":[{"href":"https:\/\/student-room-flat.com\/pt-pt\/wp-json\/wp\/v2\/media?parent=2679"}],"wp:term":[{"taxonomy":"folder","embeddable":true,"href":"https:\/\/student-room-flat.com\/pt-pt\/wp-json\/wp\/v2\/folder?post=2679"}],"curies":[{"name":"wp","href":"https:\/\/api.w.org\/{rel}","templated":true}]}}